








{"id":55,"date":"2021-06-08T14:30:29","date_gmt":"2021-06-08T17:30:29","guid":{"rendered":"http:\/\/contecsi.submissao.com.br\/18\/?page_id=55"},"modified":"2021-07-25T02:18:37","modified_gmt":"2021-07-25T05:18:37","slug":"declaracao-de-direito-autoral","status":"publish","type":"page","link":"https:\/\/contecsi.submissao.com.br\/18\/sobre\/declaracao-de-direito-autoral\/","title":{"rendered":"Politicas do CONTECSI:  Direito Autoral, Acesso Aberto e Privacidade"},"content":{"rendered":"\t\t<div data-elementor-type=\"wp-page\" data-elementor-id=\"55\" class=\"elementor elementor-55\" data-elementor-settings=\"[]\">\n\t\t\t\t\t\t\t<div class=\"elementor-section-wrap\">\n\t\t\t\t\t\t\t<section class=\"elementor-section elementor-top-section elementor-element elementor-element-91ea200 elementor-section-boxed elementor-section-height-default elementor-section-height-default\" data-id=\"91ea200\" data-element_type=\"section\">\n\t\t\t\t\t\t<div class=\"elementor-container elementor-column-gap-default\">\n\t\t\t\t\t<div class=\"elementor-column elementor-col-100 elementor-top-column elementor-element elementor-element-0070f3b\" data-id=\"0070f3b\" data-element_type=\"column\">\n\t\t\t<div class=\"elementor-widget-wrap elementor-element-populated\">\n\t\t\t\t\t\t\t\t<div class=\"elementor-element elementor-element-7904c5d elementor-widget elementor-widget-text-editor\" data-id=\"7904c5d\" data-element_type=\"widget\" data-widget_type=\"text-editor.default\">\n\t\t\t\t<div class=\"elementor-widget-container\">\n\t\t\t\t\t\t\t\t<h5><strong>Direito Autoral<\/strong><\/h5><p>Os autores que submetem trabalhos a esta confer\u00eancia concordam com os seguintes termos:<\/p><p><strong>a)<\/strong> Os autores mant\u00eam direitos autorais sobre seu trabalho, permitindo que a confer\u00eancia coloque este trabalho in\u00e9dito sob uma <a href=\"https:\/\/creativecommons.org\/licenses\/by\/3.0\/deed.pt_BR\" target=\"_blank\" rel=\"noopener\"><span style=\"text-decoration: underline;\">Licen\u00e7a de Atribui\u00e7\u00e3o Creative Commons<\/span><\/a>, que permite que outras pessoas acessem, usem e compartilhem livremente o trabalho, com o reconhecimento da autoria da obra e sua apresenta\u00e7\u00e3o inicial nesta confer\u00eancia.<\/p><p><strong>b)<\/strong> Os autores podem dispensar os termos da licen\u00e7a CC e firmar acordos contratuais adicionais e separados para a distribui\u00e7\u00e3o n\u00e3o exclusiva e posterior publica\u00e7\u00e3o deste trabalho (por exemplo, publicar uma vers\u00e3o revisada em um peri\u00f3dico, public\u00e1-la em um reposit\u00f3rio institucional ou public\u00e1-lo em um livro), mediante a informa\u00e7\u00e3o de reconhecimento de sua apresenta\u00e7\u00e3o inicial nesta confer\u00eancia.<\/p><p><strong>c)<\/strong> Al\u00e9m disso, os autores s\u00e3o encorajados a postar e compartilhar seu trabalho on-line (por exemplo, em reposit\u00f3rios institucionais ou em seu site) em qualquer ponto antes e depois da confer\u00eancia, fazendo referencia \u00e0 apresenta\u00e7\u00e3o inicial nesta confer\u00eancia.<\/p><h5><strong>ACESSO ABERTO<\/strong><\/h5><p>As apresenta\u00e7\u00f5es que comp\u00f5em a confer\u00eancia atual e as arquivadas neste site CONTECSI ARCHIVE &#8211; EDI\u00c7\u00d5ES ANTERIORES,\u00a0 est\u00e3o em acesso aberto e dispon\u00edveis gratuitamente para visualiza\u00e7\u00e3o, para o benef\u00edcio de autores e leitores interessados.<\/p><div id=\"privacyStatement\"><h5><strong>PRIVACIDADE<\/strong><\/h5><div class=\"separator\">Os nomes e endere\u00e7os de e-mail inseridos neste site da confer\u00eancia ser\u00e3o usados exclusivamente para os prop\u00f3sitos declarados desta confer\u00eancia e n\u00e3o ser\u00e3o disponibilizados para qualquer outra finalidade ou para qualquer outra parte.<\/div><\/div><div>\u00a0<\/div><div>\u00a0<\/div><div><img src=\"http:\/\/i.creativecommons.org\/l\/by\/3.0\/80x15.png\" alt=\"Licen\u00e7a Creative Commons\" \/><br \/>Este trabalho est\u00e1 licenciado sob uma\u00a0<a href=\"http:\/\/creativecommons.org\/licenses\/by\/3.0\/\" target=\"_new\" rel=\"license\">Licen\u00e7a Creative Commons Attribution 3.0\u00a0<\/a>.<\/div>\t\t\t\t\t\t<\/div>\n\t\t\t\t<\/div>\n\t\t\t\t\t<\/div>\n\t\t<\/div>\n\t\t\t\t\t\t\t<\/div>\n\t\t<\/section>\n\t\t\t\t\t\t<\/div>\n\t\t\t\t\t<\/div>\n\t\t","protected":false},"excerpt":{"rendered":"<p>Direito Autoral Os autores que submetem trabalhos a esta confer\u00eancia concordam com os seguintes termos: a) Os autores mant\u00eam direitos autorais sobre seu trabalho, permitindo que a confer\u00eancia coloque este trabalho in\u00e9dito sob uma Licen\u00e7a de Atribui\u00e7\u00e3o Creative Commons, que permite que outras pessoas acessem, usem e compartilhem livremente o trabalho, com o reconhecimento da [&hellip;]<\/p>\n","protected":false},"author":2,"featured_media":0,"parent":24,"menu_order":0,"comment_status":"closed","ping_status":"closed","template":"","meta":{"_links_to":"","_links_to_target":""},"_links":{"self":[{"href":"https:\/\/contecsi.submissao.com.br\/18\/wp-json\/wp\/v2\/pages\/55"}],"collection":[{"href":"https:\/\/contecsi.submissao.com.br\/18\/wp-json\/wp\/v2\/pages"}],"about":[{"href":"https:\/\/contecsi.submissao.com.br\/18\/wp-json\/wp\/v2\/types\/page"}],"author":[{"embeddable":true,"href":"https:\/\/contecsi.submissao.com.br\/18\/wp-json\/wp\/v2\/users\/2"}],"replies":[{"embeddable":true,"href":"https:\/\/contecsi.submissao.com.br\/18\/wp-json\/wp\/v2\/comments?post=55"}],"version-history":[{"count":24,"href":"https:\/\/contecsi.submissao.com.br\/18\/wp-json\/wp\/v2\/pages\/55\/revisions"}],"predecessor-version":[{"id":1071,"href":"https:\/\/contecsi.submissao.com.br\/18\/wp-json\/wp\/v2\/pages\/55\/revisions\/1071"}],"up":[{"embeddable":true,"href":"https:\/\/contecsi.submissao.com.br\/18\/wp-json\/wp\/v2\/pages\/24"}],"wp:attachment":[{"href":"https:\/\/contecsi.submissao.com.br\/18\/wp-json\/wp\/v2\/media?parent=55"}],"curies":[{"name":"wp","href":"https:\/\/api.w.org\/{rel}","templated":true}]}}