








{"id":489,"date":"2021-06-12T08:54:56","date_gmt":"2021-06-12T11:54:56","guid":{"rendered":"http:\/\/contecsi.submissao.com.br\/18\/?page_id=489"},"modified":"2021-06-25T12:28:11","modified_gmt":"2021-06-25T15:28:11","slug":"edicoes-anteriores","status":"publish","type":"page","link":"https:\/\/contecsi.submissao.com.br\/18\/edicoes-anteriores\/","title":{"rendered":"Edi\u00e7\u00f5es Anteriores"},"content":{"rendered":"\t\t<div data-elementor-type=\"wp-page\" data-elementor-id=\"489\" class=\"elementor elementor-489\" data-elementor-settings=\"[]\">\n\t\t\t\t\t\t\t<div class=\"elementor-section-wrap\">\n\t\t\t\t\t\t\t<section class=\"elementor-section elementor-top-section elementor-element elementor-element-7dbf3e5 elementor-section-boxed elementor-section-height-default elementor-section-height-default\" data-id=\"7dbf3e5\" data-element_type=\"section\">\n\t\t\t\t\t\t<div class=\"elementor-container elementor-column-gap-default\">\n\t\t\t\t\t<div class=\"elementor-column elementor-col-100 elementor-top-column elementor-element elementor-element-1bad8f7e\" data-id=\"1bad8f7e\" data-element_type=\"column\">\n\t\t\t<div class=\"elementor-widget-wrap elementor-element-populated\">\n\t\t\t\t\t\t\t\t<div class=\"elementor-element elementor-element-1e3613f3 elementor-widget elementor-widget-text-editor\" data-id=\"1e3613f3\" data-element_type=\"widget\" data-widget_type=\"text-editor.default\">\n\t\t\t\t<div class=\"elementor-widget-container\">\n\t\t\t\t\t\t\t\t<h3><strong>Edi\u00e7\u00f5es Anteriores do CONTECSI &#8211; International Conference on Information Systems and Technology Management\u00a0 ISSN 2448-1041<\/strong><\/h3><p>Nesta se\u00e7\u00e3o voc\u00ea pode acessar os mais de 6.000 artigos\u00a0 de forma aberta e gratuita publicados em cada edi\u00e7\u00e3o do CONTECSI\u00a0 desde 2004 at\u00e9 2020, ou seja, nos 17 anos.\u00a0\u00a0Os links aqui apresentados levam voce \u00e0 plataforma CONTECSI ARCHIVE .\u00a0\u00a0<\/p><p>O CONTECSI &#8211; International Conference on Information Systems and Technology Management &#8211; ISSN 2448-1041, \u00e9 um evento de excel\u00eancia criado em 2004,\u00a0 focado em Sistemas de Informa\u00e7\u00e3o, Tecnologia da Informa\u00e7\u00e3o e Ci\u00eancia da Informa\u00e7\u00e3o sob a \u00f3tica multidisciplinar da gest\u00e3o. CONTECSI \u00e9 tambem o evento oficial do Cap\u00edtulo Brasileiro da AIS &#8211; BRAIS &#8211; Association for Information Systems e da ABRAST &#8211; Associa\u00e7\u00e3o Brasileira dos Pesquisadores em Sistemas de Informa\u00e7\u00e3o e Tecnologias de Informa\u00e7\u00e3o.<\/p><p>Site do CONTECSI:\u00a0 <a href=\"http:\/\/www.contecsi.tecsi.org\">\u00a0http:\/\/www.contecsi.tecsi.org<\/a><br \/>Email do CONTECSI:\u00a0 \u00a0 contecsiusp@tecsi.org<br \/>CONTACTO:\u00a0 \u00a0Prof Dr Edson Luiz Riccio<br \/>Expediente: Das 9:30 as 12:30\u00a0 &#8211; 14:00 as 17:30<br \/>Fone: (11)26486389 &#8211; Durante a quarentena solicitamos enviar comunica\u00e7\u00f5es, solicita\u00e7\u00f5es e d\u00favidas pelo email acima<\/p><p>\u00a0<\/p><p>\u00a0<\/p><h4><a href=\"https:\/\/www.tecsi.org\/contecsi\/index.php\/contecsi\/17thCONTECSI\">17th CONTECSI &#8211; INTERNATIONAL CONFERENCE ON INFORMATION SYSTEMS AND TECHNOLOGY MANAGEMENT VIRTUAL<\/a><\/h4><h4>ISSN 2448-1041<\/h4><p>17TH CONTECSI VIRTUAL: October 28, 29, 30, 2020 ENCERRADO<\/p><p>S\u00e3o Paulo, BR<\/p><p><a href=\"https:\/\/www.tecsi.org\/contecsi\/index.php\/contecsi\/17thCONTECSI\">VISUALIZAR DETALHES DA CONFER\u00caNCIA<\/a><\/p><h4>\u00a0<\/h4><h4><a href=\"https:\/\/www.tecsi.org\/contecsi\/index.php\/contecsi\/16CONTECSI\">16th CONTECSI &#8211; International Conference on Information Systems and Technology Management<\/a><\/h4><h4>ISSN 2448-1041<\/h4><p>FEA USP &#8211; TECSI<\/p><p>Av Prof Luciano Gualberto 908 &#8211; FEA3 Sala 14<\/p><p>Postal Code: 05508-010<br \/>S\u00e3o Paulo, BR<\/p><p>maio 29, 2019 \u2013 maio 31, 2019<\/p><p>16th CONTECSI IS CLOSED<\/p><p><a href=\"https:\/\/www.tecsi.org\/contecsi\/index.php\/contecsi\/16CONTECSI\">VISUALIZAR DETALHES DA CONFER\u00caNCIA<\/a><\/p><h4><a href=\"https:\/\/www.tecsi.org\/contecsi\/index.php\/contecsi\/15CONTECSI\">15th CONTECSI &#8211; International Conference on Information Systems and Technology Management ISSN 2448-1041<\/a><\/h4><p>FEA USP &#8211; TECSI<\/p><p>Av Prof Luciano Gualberto 908 &#8211; FEA3<\/p><p>Cep: 05508-010<br \/>S\u00e3o Paulo, BR<\/p><p>maio 23, 2018 \u2013 maio 25, 2018<\/p><p>15th CONTECSI IS CLOSED<\/p><p><a href=\"https:\/\/www.tecsi.org\/contecsi\/index.php\/contecsi\/15CONTECSI\">VISUALIZAR DETALHES DA CONFER\u00caNCIA<\/a><\/p><h4><a href=\"https:\/\/www.tecsi.org\/contecsi\/index.php\/contecsi\/14CONTECSI\">14th CONTECSI &#8211; International Conference on Information Systems and Technology Management<\/a><\/h4><h4>ISSN 2448-1041<\/h4><p>FEA USP<\/p><p>Av. Prof. Luciano Gualberto 908, Sao Paulo, Brasil<\/p><p>CEP: 05508-010<br \/>Sao Paulo, BR<\/p><p>maio 24, 2017 \u2013 maio 26, 2017<\/p><p>14th CONTECSI IS CLOSED<\/p><p><a href=\"https:\/\/www.tecsi.org\/contecsi\/index.php\/contecsi\/14CONTECSI\">VISUALIZAR DETALHES DA CONFER\u00caNCIA<\/a><\/p><h4><a href=\"https:\/\/www.tecsi.org\/contecsi\/index.php\/contecsi\/13CONTECSI\">13th CONTECSI &#8211; International Conference on Information Systems and Technology Management<\/a><\/h4><h4>ISSN 2448-1041<\/h4><p>junho 1, 2016 \u2013 junho 3, 2016<\/p><p>13TH CONTECSI IS CLOSED<\/p><p><a href=\"https:\/\/www.tecsi.org\/contecsi\/index.php\/contecsi\/13CONTECSI\">VISUALIZAR DETALHES DA CONFER\u00caNCIA<\/a><\/p><h4><a href=\"https:\/\/www.tecsi.org\/contecsi\/index.php\/contecsi\/12CONTECSI\">12th CONTECSI &#8211; International Conference on Information Systems and Technology Management<\/a><\/h4><h4>ISSN 2448-1041<\/h4><p>maio 20, 2015 \u2013 maio 22, 2015<\/p><p>12TH CONTECSI IS CLOSED<\/p><p><a href=\"https:\/\/www.tecsi.org\/contecsi\/index.php\/contecsi\/12CONTECSI\">VISUALIZAR DETALHES DA CONFER\u00caNCIA<\/a><\/p><h4><a href=\"https:\/\/www.tecsi.org\/contecsi\/index.php\/contecsi\/11contecsi\">11th CONTECSI &#8211; International Conference on Information Systems and Technology Management<\/a><\/h4><h4>ISSN 2448-1041<\/h4><p>maio 28, 2014 \u2013 maio 30, 2014<\/p><p><a href=\"https:\/\/www.tecsi.org\/contecsi\/index.php\/contecsi\/11contecsi\">VISUALIZAR DETALHES DA CONFER\u00caNCIA<\/a><\/p><h4><a href=\"https:\/\/www.tecsi.org\/contecsi\/index.php\/contecsi\/10contecsi\">10th CONTECSI &#8211; International Conference on Information Systems and Technology Management<\/a><\/h4><h4>ISSN 2448-1041<\/h4><p>junho 12, 2013 \u2013 junho 14, 2013<\/p><p><a href=\"https:\/\/www.tecsi.org\/contecsi\/index.php\/contecsi\/10contecsi\">VISUALIZAR DETALHES DA CONFER\u00caNCIA<\/a><\/p><h4><a href=\"https:\/\/www.tecsi.org\/contecsi\/index.php\/contecsi\/9contecsi\">9th CONTECSI &#8211; International Conference on Information Systems and Technology Management<\/a><\/h4><h4>ISSN 2448-1041<\/h4><p>maio 30, 2012 \u2013 junho 1, 2012<\/p><p><a href=\"https:\/\/www.tecsi.org\/contecsi\/index.php\/contecsi\/9contecsi\">VISUALIZAR DETALHES DA CONFER\u00caNCIA<\/a><\/p><h4><a href=\"https:\/\/www.tecsi.org\/contecsi\/index.php\/contecsi\/8contecsi\">8\u00ba CONTECSI &#8211; International Conference on Information Systems and Technology Management<\/a><\/h4><h4>ISSN 2448-1041<\/h4><h4>junho 1, 2011 \u2013 junho 3, 2011<\/h4><p><a href=\"https:\/\/www.tecsi.org\/contecsi\/index.php\/contecsi\/8contecsi\">VISUALIZAR DETALHES DA CONFER\u00caNCIA<\/a><\/p><h4><a href=\"https:\/\/www.tecsi.org\/contecsi\/index.php\/contecsi\/7contecsi\">7\u00ba CONTECSI &#8211; International Conference on Information Systems and Technology Management<\/a><\/h4><h4>ISSN 2448-1041<\/h4><p>maio 19, 2010 \u2013 maio 21, 2010<\/p><p><a href=\"https:\/\/www.tecsi.org\/contecsi\/index.php\/contecsi\/7contecsi\">VISUALIZAR DETALHES DA CONFER\u00caNCIA<\/a><\/p><h4><a href=\"https:\/\/www.tecsi.org\/contecsi\/index.php\/contecsi\/6contecsi\">6\u00ba CONTECSI &#8211; International Conference on Information Systems and Technology Management<\/a><\/h4><h4>ISSN 2448-1041<\/h4><p>junho 3, 2009 \u2013 junho 5, 2009<\/p><p><a href=\"https:\/\/www.tecsi.org\/contecsi\/index.php\/contecsi\/6contecsi\">VISUALIZAR DETALHES DA CONFER\u00caNCIA<\/a><\/p><h4><a href=\"https:\/\/www.tecsi.org\/contecsi\/index.php\/contecsi\/5contecsi\">5\u00ba CONTECSI &#8211; International Conference on Information Systems and Technology Management<\/a><\/h4><h4>ISSN 2448-1041<\/h4><p>junho 4, 2008 \u2013 junho 6, 2008<\/p><p><a href=\"https:\/\/www.tecsi.org\/contecsi\/index.php\/contecsi\/5contecsi\">VISUALIZAR DETALHES DA CONFER\u00caNCIA<\/a><\/p><h4><a href=\"https:\/\/www.tecsi.org\/contecsi\/index.php\/contecsi\/4contecsi\">4\u00ba CONTECSI &#8211; International Conference on Information Systems and Technology Management<\/a><\/h4><h4>ISSN 2448-1041<\/h4><p>maio 30, 2007 \u2013 junho 1, 2007<\/p><p><a href=\"https:\/\/www.tecsi.org\/contecsi\/index.php\/contecsi\/4contecsi\">VISUALIZAR DETALHES DA CONFER\u00caNCIA<\/a><\/p><h4><a href=\"https:\/\/www.tecsi.org\/contecsi\/index.php\/contecsi\/3contecsi\">3\u00ba CONTECSI &#8211; International Conference on Information Systems and Technology Management<\/a><\/h4><h4>ISSN 2448-1041<\/h4><p>maio 31, 2006 \u2013 junho 2, 2006<\/p><p><a href=\"https:\/\/www.tecsi.org\/contecsi\/index.php\/contecsi\/3contecsi\">VISUALIZAR DETALHES DA CONFER\u00caNCIA<\/a><\/p><h4><a href=\"https:\/\/www.tecsi.org\/contecsi\/index.php\/contecsi\/2contecsi\">2\u00ba CONTECSI &#8211; International Conference on Information Systems and Technology Management<\/a><\/h4><h4>ISSN 2448-1041<\/h4><p>junho 1, 2005 \u2013 junho 3, 2005<\/p><p><a href=\"https:\/\/www.tecsi.org\/contecsi\/index.php\/contecsi\/2contecsi\">VISUALIZAR DETALHES DA CONFER\u00caNCIA<\/a><\/p><h4><a href=\"https:\/\/www.tecsi.org\/contecsi\/index.php\/contecsi\/1contecsi\">1\u00ba CONTECSI &#8211; International Conference on Information Systems and Technology Management<\/a><\/h4><h4>ISSN 2448-1041<\/h4><p>junho 21, 2004 \u2013 junho 23, 2004<\/p><p><a href=\"https:\/\/www.tecsi.org\/contecsi\/index.php\/contecsi\/1contecsi\">VISUALIZAR DETALHES DA CONFER\u00caNCIA<\/a><\/p>\t\t\t\t\t\t<\/div>\n\t\t\t\t<\/div>\n\t\t\t\t\t<\/div>\n\t\t<\/div>\n\t\t\t\t\t\t\t<\/div>\n\t\t<\/section>\n\t\t\t\t\t\t<\/div>\n\t\t\t\t\t<\/div>\n\t\t","protected":false},"excerpt":{"rendered":"<p>Edi\u00e7\u00f5es Anteriores do CONTECSI &#8211; International Conference on Information Systems and Technology Management\u00a0 ISSN 2448-1041 Nesta se\u00e7\u00e3o voc\u00ea pode acessar os mais de 6.000 artigos\u00a0 de forma aberta e gratuita publicados em cada edi\u00e7\u00e3o do CONTECSI\u00a0 desde 2004 at\u00e9 2020, ou seja, nos 17 anos.\u00a0\u00a0Os links aqui apresentados levam voce \u00e0 plataforma CONTECSI ARCHIVE .\u00a0\u00a0 [&hellip;]<\/p>\n","protected":false},"author":1,"featured_media":0,"parent":0,"menu_order":0,"comment_status":"closed","ping_status":"closed","template":"","meta":{"_links_to":"","_links_to_target":""},"_links":{"self":[{"href":"https:\/\/contecsi.submissao.com.br\/18\/wp-json\/wp\/v2\/pages\/489"}],"collection":[{"href":"https:\/\/contecsi.submissao.com.br\/18\/wp-json\/wp\/v2\/pages"}],"about":[{"href":"https:\/\/contecsi.submissao.com.br\/18\/wp-json\/wp\/v2\/types\/page"}],"author":[{"embeddable":true,"href":"https:\/\/contecsi.submissao.com.br\/18\/wp-json\/wp\/v2\/users\/1"}],"replies":[{"embeddable":true,"href":"https:\/\/contecsi.submissao.com.br\/18\/wp-json\/wp\/v2\/comments?post=489"}],"version-history":[{"count":37,"href":"https:\/\/contecsi.submissao.com.br\/18\/wp-json\/wp\/v2\/pages\/489\/revisions"}],"predecessor-version":[{"id":795,"href":"https:\/\/contecsi.submissao.com.br\/18\/wp-json\/wp\/v2\/pages\/489\/revisions\/795"}],"wp:attachment":[{"href":"https:\/\/contecsi.submissao.com.br\/18\/wp-json\/wp\/v2\/media?parent=489"}],"curies":[{"name":"wp","href":"https:\/\/api.w.org\/{rel}","templated":true}]}}