








{"id":416,"date":"2021-06-11T18:21:48","date_gmt":"2021-06-11T21:21:48","guid":{"rendered":"http:\/\/contecsi.submissao.com.br\/18\/?page_id=416"},"modified":"2021-08-03T16:17:36","modified_gmt":"2021-08-03T19:17:36","slug":"consorcios","status":"publish","type":"page","link":"https:\/\/contecsi.submissao.com.br\/18\/consorcios\/","title":{"rendered":"Cons\u00f3rcios"},"content":{"rendered":"\t\t<div data-elementor-type=\"wp-page\" data-elementor-id=\"416\" class=\"elementor elementor-416\" data-elementor-settings=\"[]\">\n\t\t\t\t\t\t\t<div class=\"elementor-section-wrap\">\n\t\t\t\t\t\t\t<section class=\"elementor-section elementor-top-section elementor-element elementor-element-8874c83 elementor-section-boxed elementor-section-height-default elementor-section-height-default\" data-id=\"8874c83\" data-element_type=\"section\">\n\t\t\t\t\t\t<div class=\"elementor-container elementor-column-gap-default\">\n\t\t\t\t\t<div class=\"elementor-column elementor-col-100 elementor-top-column elementor-element elementor-element-e75aaff\" data-id=\"e75aaff\" data-element_type=\"column\">\n\t\t\t<div class=\"elementor-widget-wrap elementor-element-populated\">\n\t\t\t\t\t\t\t\t<div class=\"elementor-element elementor-element-42d3685 elementor-widget elementor-widget-heading\" data-id=\"42d3685\" data-element_type=\"widget\" data-widget_type=\"heading.default\">\n\t\t\t\t<div class=\"elementor-widget-container\">\n\t\t\t<h2 class=\"elementor-heading-title elementor-size-default\">18th CONTECSI USP \u2013 Cons\u00f3rcios Mestral, Doutoral e P\u00f3s Doutoral - Virtual<\/h2>\t\t<\/div>\n\t\t\t\t<\/div>\n\t\t\t\t\t<\/div>\n\t\t<\/div>\n\t\t\t\t\t\t\t<\/div>\n\t\t<\/section>\n\t\t\t\t<section class=\"elementor-section elementor-top-section elementor-element elementor-element-9f1ab50 elementor-section-boxed elementor-section-height-default elementor-section-height-default\" data-id=\"9f1ab50\" data-element_type=\"section\">\n\t\t\t\t\t\t<div class=\"elementor-container elementor-column-gap-default\">\n\t\t\t\t\t<div class=\"elementor-column elementor-col-100 elementor-top-column elementor-element elementor-element-c0acd10\" data-id=\"c0acd10\" data-element_type=\"column\">\n\t\t\t<div class=\"elementor-widget-wrap elementor-element-populated\">\n\t\t\t\t\t\t\t\t<div class=\"elementor-element elementor-element-df5ac50 elementor-widget elementor-widget-text-editor\" data-id=\"df5ac50\" data-element_type=\"widget\" data-widget_type=\"text-editor.default\">\n\t\t\t\t<div class=\"elementor-widget-container\">\n\t\t\t\t\t\t\t\t<h3><img loading=\"lazy\" class=\"wp-image-273 aligncenter\" src=\"https:\/\/contecsi.submissao.com.br\/18\/wp-content\/uploads\/sites\/2\/2021\/06\/18-300x139.png\" alt=\"\" width=\"163\" height=\"76\" srcset=\"https:\/\/contecsi.submissao.com.br\/18\/wp-content\/uploads\/sites\/2\/2021\/06\/18-300x139.png 300w, https:\/\/contecsi.submissao.com.br\/18\/wp-content\/uploads\/sites\/2\/2021\/06\/18-1024x474.png 1024w, https:\/\/contecsi.submissao.com.br\/18\/wp-content\/uploads\/sites\/2\/2021\/06\/18-768x355.png 768w, https:\/\/contecsi.submissao.com.br\/18\/wp-content\/uploads\/sites\/2\/2021\/06\/18-1536x711.png 1536w, https:\/\/contecsi.submissao.com.br\/18\/wp-content\/uploads\/sites\/2\/2021\/06\/18-2048x948.png 2048w\" sizes=\"(max-width: 163px) 100vw, 163px\" \/><\/h3><h3>Descri\u00e7\u00e3o Geral dos Cons\u00f3rcios e Orienta\u00e7\u00e3o aos Participantes<\/h3><p><strong>Aten\u00e7\u00e3o: Para Inicia\u00e7\u00e3o Cient\u00edfica, Posters e Resumo expandido veja a se\u00e7\u00e3o espec\u00edfica neste portal<\/strong><\/p><p>Os Cons\u00f3rcios (Mestral, Doutoral e P\u00f4s Doutoral), s\u00e3o eventos integrantes das atividades do CONTECSI USP e tem como objetivo promover a integra\u00e7\u00e3o e o interc\u00e2mbio de ideias entre os alunos dos cursos de doutorado e de mestrado de qualquer programa, cujos projetos de pesquisa estejam relacionados direta ou indiretamente com o estudo da informa\u00e7\u00e3o e das \u00e1reas da tecnologia de informa\u00e7\u00e3o, sistemas de informa\u00e7\u00e3o, tecnologias de informa\u00e7\u00e3o e comunica\u00e7\u00e3o, gest\u00e3o da Informa\u00e7\u00e3o e ci\u00eancia da informa\u00e7\u00e3o.<\/p><p>Constitui, assim, um espa\u00e7o privilegiado para apresenta\u00e7\u00e3o de projetos de disserta\u00e7\u00e3o de mestrado e de tese de doutorado e p\u00f3s-doutorado com objetivos de amplia\u00e7\u00e3o do debate acad\u00eamico, discuss\u00e3o das propostas das pesquisas e de seus impactos futuros, divulga\u00e7\u00e3o \u00e0 comunidade de seus poss\u00edveis resultados e demais contatos que possibilitem o aprimoramento dos trabalhos, dos programas de mestrado,doutorado e p\u00f3s-doutorado das institui\u00e7\u00f5es promotoras.<\/p><p>Os Cons\u00f3rcios est\u00e3o estruturados em atividades de discuss\u00e3o de projetos. S\u00e3o bancas informais constitu\u00eddas por pesquisadores nas \u00e1reas dos projetos submetidos pelos doutorandos, visando o interc\u00e2mbio de ideias e contribui\u00e7\u00f5es aos projetos em desenvolvimento discutindo temas como quest\u00f5es de pesquisa, fontes de informa\u00e7\u00e3o, metodologia, apresenta\u00e7\u00e3o de resultados, formas de publica\u00e7\u00e3o, comunidades interessadas, entre outros.<\/p><p><strong>O CONTECSI \u00e9 o evento pioneiro no Brasil a introduzir o cons\u00f3rcio mestral e p\u00f3s-doutoral<\/strong>, <strong>e tambem o primeiro com o objetivo de abordar a totalidade da cadeia da produ\u00e7\u00e3o cientifica incluindo\u00a0 desde o n\u00edvel de gradua\u00e7\u00e3o at\u00e9 o p\u00f3s-doutorado, a saber:\u00a0<\/strong><strong>Inicia\u00e7\u00e3o Cient\u00edfica (Gradua\u00e7\u00e3o e Cursos T\u00e9cnicos) \u2013 Cons\u00f3rcios Mestral \u2013 Doutoral e P\u00f3s-Doutoral<\/strong><\/p>\t\t\t\t\t\t<\/div>\n\t\t\t\t<\/div>\n\t\t\t\t\t<\/div>\n\t\t<\/div>\n\t\t\t\t\t\t\t<\/div>\n\t\t<\/section>\n\t\t\t\t<section class=\"elementor-section elementor-top-section elementor-element elementor-element-ab69afd elementor-section-boxed elementor-section-height-default elementor-section-height-default\" data-id=\"ab69afd\" data-element_type=\"section\">\n\t\t\t\t\t\t<div class=\"elementor-container elementor-column-gap-default\">\n\t\t\t\t\t<div class=\"elementor-column elementor-col-100 elementor-top-column elementor-element elementor-element-356eca9\" data-id=\"356eca9\" data-element_type=\"column\">\n\t\t\t<div class=\"elementor-widget-wrap elementor-element-populated\">\n\t\t\t\t\t\t\t\t<div class=\"elementor-element elementor-element-10f31d1 elementor-widget elementor-widget-text-editor\" data-id=\"10f31d1\" data-element_type=\"widget\" data-widget_type=\"text-editor.default\">\n\t\t\t\t<div class=\"elementor-widget-container\">\n\t\t\t\t\t\t\t\t<h4>DESCRI\u00c7\u00c3O DAS CARACTER\u00cdSTICAS E TAMANHO DOS PROJETOS DE MESTRADO, DOUTORADO E P\u00d3S DOUTORADO<\/h4><p><strong>MSC \u2013 Master Consortium<\/strong><br \/>O Projeto de aluno de mestrado \u00e9 um texto que indica claramente os seguintes aspectos: Motiva\u00e7\u00e3o para o tema\/assunto; an\u00e1lise bibliogr\u00e1fica indicando os textos e teorias com base nas quais\u00a0 o autor\u00a0 desenvolve seu enfoque metodologico e aplicado. Ver instru\u00e7\u00f5es sobre formato abaixo.\u00a0<\/p><p><strong>DOC \u2013 Doctoral Consortium<\/strong><br \/>O Projeto de aluno de doutorado \u00e9 um texto que indica claramente os seguintes aspectos: Motiva\u00e7\u00e3o para o tema\/assunto; profunda an\u00e1lise bibliogr\u00e1fica indicando os textos nos quais\u00a0 o autor\u00a0 desenvolveu seu enfoque metodologico e aplicado ao tema. Deve mostrar a constru\u00e7\u00e3o te\u00f3rica bem como o delineamento da pesquisa que ser\u00e1 ou est\u00e1 sendo realizada e poss\u00edveis alternativas consideradas. Ver instru\u00e7\u00f5es sobre formato abaixo.\u00a0<\/p><p><strong>PDC \u2013 Post Doctoral Consortium<\/strong><br \/>O Projeto de aluno de p\u00f3s-doutorado \u00e9 similar ao projeto de aluno de doutorado tanto em conte\u00fado quanto em formato. O texto deve conter as mesmas informa\u00e7\u00f5es que o projeto de doutorado mas indicar os avan\u00e7os cient\u00edficos pretendidos pelo candidato.<br \/>Ver instru\u00e7\u00f5es sobre formato abaixo.\u00a0<\/p>\t\t\t\t\t\t<\/div>\n\t\t\t\t<\/div>\n\t\t\t\t\t<\/div>\n\t\t<\/div>\n\t\t\t\t\t\t\t<\/div>\n\t\t<\/section>\n\t\t\t\t<section class=\"elementor-section elementor-top-section elementor-element elementor-element-e27c4f8 elementor-section-boxed elementor-section-height-default elementor-section-height-default\" data-id=\"e27c4f8\" data-element_type=\"section\">\n\t\t\t\t\t\t<div class=\"elementor-container elementor-column-gap-default\">\n\t\t\t\t\t<div class=\"elementor-column elementor-col-100 elementor-top-column elementor-element elementor-element-9778e4c\" data-id=\"9778e4c\" data-element_type=\"column\">\n\t\t\t<div class=\"elementor-widget-wrap elementor-element-populated\">\n\t\t\t\t\t\t\t\t<div class=\"elementor-element elementor-element-49f6b07 elementor-widget elementor-widget-text-editor\" data-id=\"49f6b07\" data-element_type=\"widget\" data-widget_type=\"text-editor.default\">\n\t\t\t\t<div class=\"elementor-widget-container\">\n\t\t\t\t\t\t\t\t<h4>INSTRU\u00c7\u00d5ES para formata\u00e7\u00e3o e submiss\u00e3o dos projetos de mestrado, doutorado e p\u00f3s-doutorado.\u00a0N\u00e3o h\u00e1 &#8220;modelo&#8221; espec\u00edfico. Seguir as recomenda\u00e7\u00f5es abaixo.\u00a0\u00a0<\/h4><h4>Para Inicia\u00e7\u00e3o Cient\u00edfica existem &#8220;modelo&#8221; . Entre\u00a0 na p\u00e1gina Inicia\u00e7\u00e3o Cientifica para detalhes.<\/h4><p>O texto submetido a qualquer um dos tr\u00eas cons\u00f3rcios deve estar em PDF. Textos em word n\u00e3o s\u00e3o aceitos.<\/p><p>Trata-se de uma descri\u00e7\u00e3o do Projeto (com at\u00e9 20 p\u00e1ginas), conforme as seguintes recomenda\u00e7\u00f5es:<\/p><p>&#8211; P\u00e1gina de rosto (capa):No cabe\u00e7alho: recortar, colar e centralizar o seguinte:<br \/>18th CONTECSI USP \u2013 International Conference on Information Systems and Technology Management <br \/>Cons\u00f3rcio: xxxxxxxxx (conforme seja, Mestral, Doutoral ou P\u00f3s Doutoral).\u00a0T\u00edtulo do projeto; nome do proponente; e-mail e telefones de contato; Programa de P\u00f3s-Gradua\u00e7\u00e3o ao qual est\u00e1 vinculado; <strong>nome\u00a0 e email do professor orientador<\/strong>; \u00e1rea tem\u00e1tica de submiss\u00e3o da proposta;<\/p><p>-Texto principal:<\/p><ul><li>Introdu\u00e7\u00e3o, incluindo: problema de pesquisa, objetivos e justificativa;<\/li><li>Teorias nas quais se baseia o projeto;<\/li><li>Procedimentos metodol\u00f3gicos (apesar de sint\u00e9tico o mais completo poss\u00edvel);<\/li><li>Refer\u00eancias (utilizar formato APA);<\/li><li>Formato do texto: Arquivo PDF; papel A4; margens: superior (3cm), inferior (2cm), esquerda (3cm), direita (2cm); fonte times new roman tamanho 12; espa\u00e7amentos simples entre caracteres, palavras e linhas.<\/li><\/ul><p>Para participar nesta categoria o candidato deve estar\u00a0 regularmente matriculado em um Programa de P\u00f3s-Gradua\u00e7\u00e3o (Lato sensu ou Stricto sensu). O orientador deve estar ciente e de acordo com a participa\u00e7\u00e3o.<\/p>\t\t\t\t\t\t<\/div>\n\t\t\t\t<\/div>\n\t\t\t\t\t<\/div>\n\t\t<\/div>\n\t\t\t\t\t\t\t<\/div>\n\t\t<\/section>\n\t\t\t\t<section class=\"elementor-section elementor-top-section elementor-element elementor-element-999dfa8 elementor-section-boxed elementor-section-height-default elementor-section-height-default\" data-id=\"999dfa8\" data-element_type=\"section\">\n\t\t\t\t\t\t<div class=\"elementor-container elementor-column-gap-default\">\n\t\t\t\t\t<div class=\"elementor-column elementor-col-100 elementor-top-column elementor-element elementor-element-f5a3044\" data-id=\"f5a3044\" data-element_type=\"column\">\n\t\t\t<div class=\"elementor-widget-wrap elementor-element-populated\">\n\t\t\t\t\t\t\t\t<div class=\"elementor-element elementor-element-4f41364 elementor-widget elementor-widget-text-editor\" data-id=\"4f41364\" data-element_type=\"widget\" data-widget_type=\"text-editor.default\">\n\t\t\t\t<div class=\"elementor-widget-container\">\n\t\t\t\t\t\t\t\t<h4>Submiss\u00e3o do Projeto<\/h4><p>Entrar em Submiss\u00e3o de Trabalhos, e seguir as instru\u00e7\u00f5es de submiss\u00e3o.<\/p><p><strong>MUITO IMPORTANTE:<\/strong> Ao preencher , na submiss\u00e3o, os dados pessoais e de identifica\u00e7\u00e3o do trabalho\u00a0 o <strong>ORIENTADOR DEVE SER INCLUIDO COMO SEGUNDO AUTOR E TER TODOS OS SEUS DADOS PREENCHIDOS, INCLUINDO<\/strong> o c\u00f3digo ORCID individual. Caso n\u00e3o possua, efetue o registro em Orcid.org pela internet. Esse registro \u00e9 gratuito.\u00a0<\/p>\t\t\t\t\t\t<\/div>\n\t\t\t\t<\/div>\n\t\t\t\t\t<\/div>\n\t\t<\/div>\n\t\t\t\t\t\t\t<\/div>\n\t\t<\/section>\n\t\t\t\t\t\t<\/div>\n\t\t\t\t\t<\/div>\n\t\t","protected":false},"excerpt":{"rendered":"<p>18th CONTECSI USP \u2013 Cons\u00f3rcios Mestral, Doutoral e P\u00f3s Doutoral &#8211; Virtual Descri\u00e7\u00e3o Geral dos Cons\u00f3rcios e Orienta\u00e7\u00e3o aos Participantes Aten\u00e7\u00e3o: Para Inicia\u00e7\u00e3o Cient\u00edfica, Posters e Resumo expandido veja a se\u00e7\u00e3o espec\u00edfica neste portal Os Cons\u00f3rcios (Mestral, Doutoral e P\u00f4s Doutoral), s\u00e3o eventos integrantes das atividades do CONTECSI USP e tem como objetivo promover a [&hellip;]<\/p>\n","protected":false},"author":2,"featured_media":0,"parent":0,"menu_order":0,"comment_status":"closed","ping_status":"closed","template":"","meta":{"_links_to":"","_links_to_target":""},"_links":{"self":[{"href":"https:\/\/contecsi.submissao.com.br\/18\/wp-json\/wp\/v2\/pages\/416"}],"collection":[{"href":"https:\/\/contecsi.submissao.com.br\/18\/wp-json\/wp\/v2\/pages"}],"about":[{"href":"https:\/\/contecsi.submissao.com.br\/18\/wp-json\/wp\/v2\/types\/page"}],"author":[{"embeddable":true,"href":"https:\/\/contecsi.submissao.com.br\/18\/wp-json\/wp\/v2\/users\/2"}],"replies":[{"embeddable":true,"href":"https:\/\/contecsi.submissao.com.br\/18\/wp-json\/wp\/v2\/comments?post=416"}],"version-history":[{"count":55,"href":"https:\/\/contecsi.submissao.com.br\/18\/wp-json\/wp\/v2\/pages\/416\/revisions"}],"predecessor-version":[{"id":1330,"href":"https:\/\/contecsi.submissao.com.br\/18\/wp-json\/wp\/v2\/pages\/416\/revisions\/1330"}],"wp:attachment":[{"href":"https:\/\/contecsi.submissao.com.br\/18\/wp-json\/wp\/v2\/media?parent=416"}],"curies":[{"name":"wp","href":"https:\/\/api.w.org\/{rel}","templated":true}]}}