








{"id":387,"date":"2021-06-11T17:21:26","date_gmt":"2021-06-11T20:21:26","guid":{"rendered":"http:\/\/contecsi.submissao.com.br\/18\/?page_id=387"},"modified":"2021-07-23T01:31:42","modified_gmt":"2021-07-23T04:31:42","slug":"programa","status":"publish","type":"page","link":"https:\/\/contecsi.submissao.com.br\/18\/programa\/","title":{"rendered":"Programa"},"content":{"rendered":"\t\t<div data-elementor-type=\"wp-page\" data-elementor-id=\"387\" class=\"elementor elementor-387\" data-elementor-settings=\"[]\">\n\t\t\t\t\t\t\t<div class=\"elementor-section-wrap\">\n\t\t\t\t\t\t\t<section class=\"elementor-section elementor-top-section elementor-element elementor-element-7ea32d4 elementor-section-boxed elementor-section-height-default elementor-section-height-default\" data-id=\"7ea32d4\" data-element_type=\"section\">\n\t\t\t\t\t\t<div class=\"elementor-container elementor-column-gap-default\">\n\t\t\t\t\t<div class=\"elementor-column elementor-col-100 elementor-top-column elementor-element elementor-element-6934348\" data-id=\"6934348\" data-element_type=\"column\">\n\t\t\t<div class=\"elementor-widget-wrap elementor-element-populated\">\n\t\t\t\t\t\t\t\t<div class=\"elementor-element elementor-element-e29721e elementor-widget elementor-widget-text-editor\" data-id=\"e29721e\" data-element_type=\"widget\" data-widget_type=\"text-editor.default\">\n\t\t\t\t<div class=\"elementor-widget-container\">\n\t\t\t\t\t\t\t\t<h3>FORMATO GERAL DO 18TH CONTECSI VIRTUAL<\/h3><p>O\u00a0 18th CONTECSI VIRTUAL apresenta nas datas definidas para a realiza\u00e7\u00e3o do evento o PROGRAMA ONLINE com\u00a0 a Sess\u00e3o de Abertura, os pain\u00e9is,\u00a0 palestrantes e se\u00e7\u00f5es de apresenta\u00e7\u00f5es de trabalho especificas de cada dia. Em cada se\u00e7\u00e3o s\u00e3o alocados os trabalhos com os respectivos links para os v\u00eddeos os quais ficam dispon\u00edveis para an\u00e1lise pelos mediadores.\u00a0 Em cada se\u00e7\u00e3o de trabalho, tamb\u00e9m denominada de sala, participam obrigat\u00f3riamente os autores e o respectivo mediador.\u00a0 \u00a0O mediador comenta\u00a0 cada trabalho apresentado e os autores respondem \u00e0s quest\u00f5es ou coment\u00e1rios formulados em um ambiente\u00a0 que permite a intera\u00e7\u00e3o e integra\u00e7\u00e3o entre os participantes, uma caracter\u00edstica do CONTECSI desde sua cria\u00e7\u00e3o.\u00a0 O p\u00fablico inscrito no CONTECSI tem acesso a todas as salas e pode escolher qual assistir.<\/p><p>\u00a0<\/p><h4>\u00a0 \u00a0 \u00a0 \u00a0 \u00a0 \u00a0 \u00a0 \u00a0 \u00a0AGUARDE PARA BREVE A PROGRAMA\u00c7\u00c3O COMPLETA<\/h4>\t\t\t\t\t\t<\/div>\n\t\t\t\t<\/div>\n\t\t\t\t\t<\/div>\n\t\t<\/div>\n\t\t\t\t\t\t\t<\/div>\n\t\t<\/section>\n\t\t\t\t<section class=\"elementor-section elementor-top-section elementor-element elementor-element-4f2f8e8 elementor-section-boxed elementor-section-height-default elementor-section-height-default\" data-id=\"4f2f8e8\" data-element_type=\"section\">\n\t\t\t\t\t\t<div class=\"elementor-container elementor-column-gap-default\">\n\t\t\t\t\t<div class=\"elementor-column elementor-col-100 elementor-top-column elementor-element elementor-element-925fa3d\" data-id=\"925fa3d\" data-element_type=\"column\">\n\t\t\t<div class=\"elementor-widget-wrap\">\n\t\t\t\t\t\t\t\t\t<\/div>\n\t\t<\/div>\n\t\t\t\t\t\t\t<\/div>\n\t\t<\/section>\n\t\t\t\t\t\t<\/div>\n\t\t\t\t\t<\/div>\n\t\t","protected":false},"excerpt":{"rendered":"<p>FORMATO GERAL DO 18TH CONTECSI VIRTUAL O\u00a0 18th CONTECSI VIRTUAL apresenta nas datas definidas para a realiza\u00e7\u00e3o do evento o PROGRAMA ONLINE com\u00a0 a Sess\u00e3o de Abertura, os pain\u00e9is,\u00a0 palestrantes e se\u00e7\u00f5es de apresenta\u00e7\u00f5es de trabalho especificas de cada dia. Em cada se\u00e7\u00e3o s\u00e3o alocados os trabalhos com os respectivos links para os v\u00eddeos os [&hellip;]<\/p>\n","protected":false},"author":2,"featured_media":0,"parent":0,"menu_order":0,"comment_status":"closed","ping_status":"closed","template":"","meta":{"_links_to":"","_links_to_target":""},"_links":{"self":[{"href":"https:\/\/contecsi.submissao.com.br\/18\/wp-json\/wp\/v2\/pages\/387"}],"collection":[{"href":"https:\/\/contecsi.submissao.com.br\/18\/wp-json\/wp\/v2\/pages"}],"about":[{"href":"https:\/\/contecsi.submissao.com.br\/18\/wp-json\/wp\/v2\/types\/page"}],"author":[{"embeddable":true,"href":"https:\/\/contecsi.submissao.com.br\/18\/wp-json\/wp\/v2\/users\/2"}],"replies":[{"embeddable":true,"href":"https:\/\/contecsi.submissao.com.br\/18\/wp-json\/wp\/v2\/comments?post=387"}],"version-history":[{"count":16,"href":"https:\/\/contecsi.submissao.com.br\/18\/wp-json\/wp\/v2\/pages\/387\/revisions"}],"predecessor-version":[{"id":925,"href":"https:\/\/contecsi.submissao.com.br\/18\/wp-json\/wp\/v2\/pages\/387\/revisions\/925"}],"wp:attachment":[{"href":"https:\/\/contecsi.submissao.com.br\/18\/wp-json\/wp\/v2\/media?parent=387"}],"curies":[{"name":"wp","href":"https:\/\/api.w.org\/{rel}","templated":true}]}}