








{"id":358,"date":"2021-06-11T14:06:32","date_gmt":"2021-06-11T17:06:32","guid":{"rendered":"http:\/\/contecsi.submissao.com.br\/18\/?page_id=358"},"modified":"2021-09-02T03:27:49","modified_gmt":"2021-09-02T06:27:49","slug":"datas-importantes","status":"publish","type":"page","link":"https:\/\/contecsi.submissao.com.br\/18\/datas-importantes\/","title":{"rendered":"Datas Importantes"},"content":{"rendered":"\t\t<div data-elementor-type=\"wp-page\" data-elementor-id=\"358\" class=\"elementor elementor-358\" data-elementor-settings=\"[]\">\n\t\t\t\t\t\t\t<div class=\"elementor-section-wrap\">\n\t\t\t\t\t\t\t<section class=\"elementor-section elementor-top-section elementor-element elementor-element-4b00d36b elementor-section-boxed elementor-section-height-default elementor-section-height-default\" data-id=\"4b00d36b\" data-element_type=\"section\">\n\t\t\t\t\t\t<div class=\"elementor-container elementor-column-gap-default\">\n\t\t\t\t\t<div class=\"elementor-column elementor-col-100 elementor-top-column elementor-element elementor-element-407ad372\" data-id=\"407ad372\" data-element_type=\"column\">\n\t\t\t<div class=\"elementor-widget-wrap elementor-element-populated\">\n\t\t\t\t\t\t\t\t<div class=\"elementor-element elementor-element-31118f13 elementor-widget elementor-widget-text-editor\" data-id=\"31118f13\" data-element_type=\"widget\" data-widget_type=\"text-editor.default\">\n\t\t\t\t<div class=\"elementor-widget-container\">\n\t\t\t\t\t\t\t\t<p><strong><img loading=\"lazy\" class=\"wp-image-273 aligncenter\" src=\"https:\/\/contecsi.submissao.com.br\/18\/wp-content\/uploads\/sites\/2\/2021\/06\/18-300x139.png\" alt=\"\" width=\"159\" height=\"73\" srcset=\"https:\/\/contecsi.submissao.com.br\/18\/wp-content\/uploads\/sites\/2\/2021\/06\/18-300x139.png 300w, https:\/\/contecsi.submissao.com.br\/18\/wp-content\/uploads\/sites\/2\/2021\/06\/18-1024x474.png 1024w, https:\/\/contecsi.submissao.com.br\/18\/wp-content\/uploads\/sites\/2\/2021\/06\/18-768x355.png 768w, https:\/\/contecsi.submissao.com.br\/18\/wp-content\/uploads\/sites\/2\/2021\/06\/18-1536x711.png 1536w, https:\/\/contecsi.submissao.com.br\/18\/wp-content\/uploads\/sites\/2\/2021\/06\/18-2048x948.png 2048w\" sizes=\"(max-width: 159px) 100vw, 159px\" \/><\/strong><\/p><p><strong>Submiss\u00f5es de todas as modalidades de trabalho<\/strong>:<\/p><p>Data inicial: 10 de junho de 2021.<\/p><p>Data final: 22 de agosto de 2021<\/p><p><strong>Comunica\u00e7\u00e3o aos autores sobre os trabalhos aceitos\u00a0 (**ver nota abaixo)<\/strong><\/p><p>Data inicial: 18 de junho de 2021 &#8211; submiss\u00f5es j\u00e1 est\u00e3o abertas.<\/p><p>Data final: 05 de setembro de 2021<\/p><p><strong>Prepara\u00e7\u00e3o pelos autores dos V\u00eddeos para cada trabalho aceito. O link para o Manual de instru\u00e7\u00f5es ser\u00e1 enviado para os autores respons\u00e1veis pela submiss\u00e3o juntamente com o email de aceita\u00e7\u00e3o e tambem ficar\u00e1 dispon\u00edvel no portal.<\/strong><\/p><p>Data inicial:\u00a0 Inicia-se na data em que cada autor recebe o email de aceita\u00e7\u00e3o.\u00a0 Note que o v\u00eddeo deve seguir o Manual cujo link ser\u00e1 enviado juntamente com o email de aceita\u00e7\u00e3o.\u00a0<\/p><p>Data final de envio pelos autores do link do v\u00eddeo: idealmente, 9 dias ap\u00f3s o recebimento do email de aceita\u00e7\u00e3o.\u00a0<\/p><p><strong>Inscri\u00e7\u00e3o e Pagamento &#8211; Autores com trabalhos aceitos<\/strong><\/p><p>Data inicial: 30 de junho de 2021<\/p><p>Data final: 15 de setembro de 2021<\/p><p><strong>Divulga\u00e7\u00e3o do Programa geral do 18th CONTECSI<\/strong>: 23 de setembro de 2021.<\/p><p><strong>Congresso<\/strong>: 13, 14 e 15 de outubro de 2021.<\/p><p><strong>Jantar de Confraterniza\u00e7\u00e3o<\/strong>: Adiado para o 19th CONTECSI, 2022.<\/p><p><strong>Atividades de pr\u00e9-confer\u00eancia<\/strong>: 10,11 e 12 de outubro de 2021.<\/p><p>(*) A Coordena\u00e7\u00e3o do 18th CONTECSI reserva-se o direito de alterar as datas acima em fun\u00e7\u00e3o de fatos n\u00e3o previstos ou de altera\u00e7\u00f5es no Plano de Enfrentamento da Pandemia Covid 19 do Estado de S\u00e3o Paulo e do Munic\u00edpio de S\u00e3o Paulo.<\/p><p>(**) Desde o ano de 2019 o CONTECSI introduziu uma inova\u00e7\u00e3o \u2013 as comunica\u00e7\u00f5es de aceita\u00e7\u00e3o s\u00e3o enviadas em fluxo cont\u00ednuo.<\/p><p>Em caso de d\u00favidas escreva para: contecsiusp@tecsi.org. Mencionar sempre o nome completo do autor e o\u00a0 numero (ID) da submiss\u00e3o ou ligue para:<\/p><p>+551126486389, das 9:30 as 12:00 e das 14:00 as 18:00<\/p>\t\t\t\t\t\t<\/div>\n\t\t\t\t<\/div>\n\t\t\t\t\t<\/div>\n\t\t<\/div>\n\t\t\t\t\t\t\t<\/div>\n\t\t<\/section>\n\t\t\t\t\t\t<\/div>\n\t\t\t\t\t<\/div>\n\t\t","protected":false},"excerpt":{"rendered":"<p>Submiss\u00f5es de todas as modalidades de trabalho: Data inicial: 10 de junho de 2021. Data final: 22 de agosto de 2021 Comunica\u00e7\u00e3o aos autores sobre os trabalhos aceitos\u00a0 (**ver nota abaixo) Data inicial: 18 de junho de 2021 &#8211; submiss\u00f5es j\u00e1 est\u00e3o abertas. Data final: 05 de setembro de 2021 Prepara\u00e7\u00e3o pelos autores dos V\u00eddeos [&hellip;]<\/p>\n","protected":false},"author":1,"featured_media":0,"parent":0,"menu_order":0,"comment_status":"closed","ping_status":"closed","template":"","meta":{"_links_to":"","_links_to_target":""},"_links":{"self":[{"href":"https:\/\/contecsi.submissao.com.br\/18\/wp-json\/wp\/v2\/pages\/358"}],"collection":[{"href":"https:\/\/contecsi.submissao.com.br\/18\/wp-json\/wp\/v2\/pages"}],"about":[{"href":"https:\/\/contecsi.submissao.com.br\/18\/wp-json\/wp\/v2\/types\/page"}],"author":[{"embeddable":true,"href":"https:\/\/contecsi.submissao.com.br\/18\/wp-json\/wp\/v2\/users\/1"}],"replies":[{"embeddable":true,"href":"https:\/\/contecsi.submissao.com.br\/18\/wp-json\/wp\/v2\/comments?post=358"}],"version-history":[{"count":33,"href":"https:\/\/contecsi.submissao.com.br\/18\/wp-json\/wp\/v2\/pages\/358\/revisions"}],"predecessor-version":[{"id":1624,"href":"https:\/\/contecsi.submissao.com.br\/18\/wp-json\/wp\/v2\/pages\/358\/revisions\/1624"}],"wp:attachment":[{"href":"https:\/\/contecsi.submissao.com.br\/18\/wp-json\/wp\/v2\/media?parent=358"}],"curies":[{"name":"wp","href":"https:\/\/api.w.org\/{rel}","templated":true}]}}