








{"id":262,"date":"2021-06-10T14:57:45","date_gmt":"2021-06-10T17:57:45","guid":{"rendered":"http:\/\/contecsi.submissao.com.br\/18\/?page_id=262"},"modified":"2021-09-12T04:48:28","modified_gmt":"2021-09-12T07:48:28","slug":"inscricao-e-pagamento","status":"publish","type":"page","link":"https:\/\/contecsi.submissao.com.br\/18\/inscricao-e-pagamento\/","title":{"rendered":"Instru\u00e7\u00f5es para Inscri\u00e7\u00e3o e Pagamento"},"content":{"rendered":"\t\t<div data-elementor-type=\"wp-page\" data-elementor-id=\"262\" class=\"elementor elementor-262\" data-elementor-settings=\"[]\">\n\t\t\t\t\t\t\t<div class=\"elementor-section-wrap\">\n\t\t\t\t\t\t\t<section class=\"elementor-section elementor-top-section elementor-element elementor-element-3bb84cb elementor-section-boxed elementor-section-height-default elementor-section-height-default\" data-id=\"3bb84cb\" data-element_type=\"section\">\n\t\t\t\t\t\t<div class=\"elementor-container elementor-column-gap-default\">\n\t\t\t\t\t<div class=\"elementor-column elementor-col-100 elementor-top-column elementor-element elementor-element-966d7b2\" data-id=\"966d7b2\" data-element_type=\"column\">\n\t\t\t<div class=\"elementor-widget-wrap elementor-element-populated\">\n\t\t\t\t\t\t\t\t<div class=\"elementor-element elementor-element-0d87094 elementor-widget elementor-widget-text-editor\" data-id=\"0d87094\" data-element_type=\"widget\" data-widget_type=\"text-editor.default\">\n\t\t\t\t<div class=\"elementor-widget-container\">\n\t\t\t\t\t\t\t\t<p><img loading=\"lazy\" class=\"wp-image-1112 aligncenter\" src=\"https:\/\/contecsi.submissao.com.br\/18\/wp-content\/uploads\/sites\/2\/2021\/07\/18TH-logo-atualizado-sem-data-300x139.png\" alt=\"\" width=\"170\" height=\"79\" srcset=\"https:\/\/contecsi.submissao.com.br\/18\/wp-content\/uploads\/sites\/2\/2021\/07\/18TH-logo-atualizado-sem-data-300x139.png 300w, https:\/\/contecsi.submissao.com.br\/18\/wp-content\/uploads\/sites\/2\/2021\/07\/18TH-logo-atualizado-sem-data-1024x474.png 1024w, https:\/\/contecsi.submissao.com.br\/18\/wp-content\/uploads\/sites\/2\/2021\/07\/18TH-logo-atualizado-sem-data-768x355.png 768w, https:\/\/contecsi.submissao.com.br\/18\/wp-content\/uploads\/sites\/2\/2021\/07\/18TH-logo-atualizado-sem-data-1536x711.png 1536w, https:\/\/contecsi.submissao.com.br\/18\/wp-content\/uploads\/sites\/2\/2021\/07\/18TH-logo-atualizado-sem-data-2048x948.png 2048w\" sizes=\"(max-width: 170px) 100vw, 170px\" \/><\/p><h3>\u00a0<\/h3><h3>REGULAMENTO 18TH CONTECSI -INTERNATIONAL CONFERENCE ON INFORMATION SYSTEMS AND TECHNOLOGY MANAGEMENT ISSN:2448-1041 &#8211; VIRTUAL<\/h3><p><strong>\u00a0 \u00a0 \u00a0 \u00a0 \u00a0 \u00a0 \u00a0 \u00a0 \u00a0 \u00a0 \u00a0 \u00a0 \u00a0CONDI\u00c7\u00d5ES GERAIS DE PARTICIPA\u00c7\u00c3O &#8211; O QUE \u00c9 A INSCRI\u00c7\u00c3O NO 18TH CONTECSI VIRTUAL ?<\/strong><\/p><p><strong>\u00c9 O ATO DE EFETUAR O PAGAMENTO QUE D\u00c1 DIREITO \u00c0 PARTICIPA\u00c7\u00c3O EM TODO O EVENTO, CONFORME AS REGRAS ESTABELECIDAS NESTE REGULAMENTO. INFORMAMOS QUE AS TAXAS DE INSCRI\u00c7\u00c3O S\u00c3O EXCLUSIVAS PARA O 18TH CONTECSI VIRTUAL 2021, CONSIDERANDO A SITUA\u00c7\u00c3O DE PANDEMIA CAUSADA PELO COVID19.<\/strong><\/p><p>PODEM SE INSCREVER\u00a0 \u00a0AUTORES E N\u00c3O AUTORES, ACAD\u00caMICOS E PROFISSIONAIS, EMPRES\u00c1RIOS, ALUNOS DE P\u00d3S-GRADUA\u00c7\u00c3O E GRADUA\u00c7\u00c3O.<br \/>CADA TRABALHO\u00a0 DEVE TER PELO MENOS UM AUTOR INSCRITO E PAGANTE (<strong>Participante)<\/strong>.\u00a0<br \/>Os n\u00e3o PARTICIPANTES n\u00e3o tem acesso ao congresso.<\/p><p>CADA AUTOR EST\u00c1 LIMITADO A TR\u00caS TRABALHOS.\u00a0<\/p><p>AO EFETUAR A INSCRI\u00c7\u00c3O PARA PARTICIPAR DO CONTECSI VIRTUAL INTERNATIONAL CONFERENCE ON INFORMATION SYSTEMS AND TECHNOLOGY MANAGEMENT, O PARTICIPANTE INSCRITO DECLARA ESTAR DE ACORDO COM AS CONDI\u00c7\u00d5ES GERAIS DETALHADAS A SEGUIR:<\/p><h5>1 &#8211; CONDI\u00c7\u00d5ES GERAIS PARA PARTICIPA\u00c7\u00c3O<\/h5><p><strong>PARTICIPANTE<\/strong> \u00e9 aquele que paga a inscri\u00e7\u00e3o conforme a tabela do item 4 abaixo.\u00a0 <strong>Somente o Participante\u00a0 tem direito ao Certificado de Participa\u00e7\u00e3o e acesso a todos itens mencionados em 1.5.<\/strong><\/p><p><strong>Autores ou coautores n\u00e3o pagantes, recebem apenas certificado de autoria e n\u00e3o tem acesso aos items mencionados em 1.5<\/strong><\/p><p><strong>1.1<\/strong> &#8211; O PARTICIPANTE se responsabiliza integralmente pela veracidade dos dados informados em sua inscri\u00e7\u00e3o.<br \/><strong>1.2<\/strong> -O PARTICIPANTE aceita que os benef\u00edcios agregados pelo Congresso derivam da sua ass\u00eddua participa\u00e7\u00e3o durante os dias do evento bem como o cumprimento dos hor\u00e1rios determinados para sua apresenta\u00e7\u00e3o e demais atividades constantes do programa do Congresso.<br \/><strong>1.3<\/strong> &#8211; O PARTICIPANTE aceita as normas de seguran\u00e7a, acesso e manuseio de dados, informa\u00e7\u00f5es e sistemas pertencentes aos organizadores do 18th CONTECSI VIRTUAL , cuidando sempre para o bom andamento das atividades.<br \/><strong>1.4<\/strong> &#8211;\u00a0 A inscri\u00e7\u00e3o do PARTICIPANTE ser\u00e1 efetivada quando da finaliza\u00e7\u00e3o do processo de pagamento.<br \/><strong>1.5<\/strong> &#8211; O valor da inscri\u00e7\u00e3o d\u00e1 ao PARTICIPANTE (pagante) inscrito, al\u00e9m da condi\u00e7\u00e3o de apresentar o trabalho,\u00a0 o acesso \u00e0s atividades oficiais do CONTECSI constantes do programa, acesso virtual ao Livro-Resumo dos Anais, Certificado de Participa\u00e7\u00e3o\/Autoria e Registro no\u00a0 O Certificado de Participa\u00e7\u00e3o ser\u00e1 emitido dentro das seguintes condi\u00e7\u00f5es: Congressistas pagantes sem apresenta\u00e7\u00e3o de trabalho que participarem em pelo menos 50% das atividades do evento. Congressistas Autores que simultaneamente participarem em pelo menos 50% das atividades do evento\u00a0 e que\u00a0<strong> comprovadamente apresentarem seus trabalhos nas\u00a0 se\u00e7\u00f5es espec\u00edficas. A n\u00e3o apresenta\u00e7\u00e3o do trabalho pelo autor participante implica no cancelamento do certificado de participa\u00e7\u00e3o do mesmo.\u00a0<\/strong><br \/><strong>1.6<\/strong> &#8211; A inscri\u00e7\u00e3o \u00e9 individual por participante e n\u00e3o por trabalho. A inscri\u00e7\u00e3o refere-se ao conjunto de itens mencionados em 1.5 e oferecidos ao participante durante o evento.<\/p><h5>2 &#8211; CANCELAMENTO DA INSCRI\u00c7\u00c3O<\/h5><p><strong>2.1<\/strong> &#8211; O cancelamento de uma inscri\u00e7\u00e3o por iniciativa do participante inscrito deve ser formalizado por escrito incluindo documenta\u00e7\u00e3o que justifique o pedido e enviado ao email: <a href=\"mailto:contecsiusp@tecsi.org\" target=\"_blank\" rel=\"noopener\">contecsiusp@tecsi.org<\/a> at\u00e9 10 dias corridos antes do dia de in\u00edcio do evento. Nesse caso 50% da taxa de inscri\u00e7\u00e3o ser\u00e1 reembolsada e o(s) trabalho(s) e o nome do inscrito e co-autores, quando for o caso, ser\u00e1(\u00e3o) cancelados do evento. Ap\u00f3s essa data o cancelamento n\u00e3o ser\u00e1 poss\u00edvel e n\u00e3o haver\u00e1 reembolso. Os inscritos que n\u00e3o cancelarem at\u00e9 a data mencionada em 2.1 e n\u00e3o participarem do Congresso, ainda assim, ser\u00e3o respons\u00e1veis pelo pagamento da taxa de inscri\u00e7\u00e3o.<\/p><h5>3 &#8211; ALTERA\u00c7\u00d5ES NO CONTECSI &#8211; DURANTE O PER\u00cdODO DE QUARENTENA OFICIAL CONFORME DETERMINADO PELO GOVERNO DO ESTADO DE S\u00c3O PAULO COVID19<\/h5><p><strong>3.1<\/strong> &#8211; A Coordena\u00e7\u00e3o reserva-se o direito de alterar a data do Congresso bem como o programa, caso isso seja necess\u00e1rio para o bom andamento do evento.<br \/><strong>3.2<\/strong> &#8211; Caso o 18Th CONTECSI n\u00e3o ocorra ou seja adiado devido a eventos fora do controle dos Organizadores do Congresso (For\u00e7a Maior), os Organizadores do Congresso n\u00e3o se responsabilizar\u00e3o por quaisquer danos, custos ou perdas incorridas, tais como custos de transporte, custos de alojamento, perdas financeiras ou quaisquer outros preju\u00edzos indiretos ou consequenciais. Nestas circunst\u00e2ncias, os Organizadores do Congresso reservam-se o direito de reter a taxa de inscri\u00e7\u00e3o e utiliza-la para um Congresso futuro, ou para reembolsar o participante ap\u00f3s a dedu\u00e7\u00e3o de todos os custos j\u00e1 incorridos com a organiza\u00e7\u00e3o do Congresso e que n\u00e3o puderem ser recuperados de terceiras partes.<\/p><h5>4 &#8211; VALORES DAS INSCRI\u00c7\u00d5ES 18TH CONTECSI VIRTUAL<\/h5><p><strong>IMPORTANTE: OS TIPOS E OS VALORES DE INSCRI\u00c7\u00c3O NO 18TH CONTECSI REFEREM-SE AO N\u00cdVEL ACAD\u00caMICO (O MAIS ALTO),\u00a0 OU PROFISSIONAL DO PARTICIPANTE INSCRITO.\u00a0<\/strong><\/p>\t\t\t\t\t\t<\/div>\n\t\t\t\t<\/div>\n\t\t\t\t\t<\/div>\n\t\t<\/div>\n\t\t\t\t\t\t\t<\/div>\n\t\t<\/section>\n\t\t\t\t<section class=\"elementor-section elementor-top-section elementor-element elementor-element-94d8203 elementor-section-boxed elementor-section-height-default elementor-section-height-default\" data-id=\"94d8203\" data-element_type=\"section\">\n\t\t\t\t\t\t<div class=\"elementor-container elementor-column-gap-default\">\n\t\t\t\t\t<div class=\"elementor-column elementor-col-100 elementor-top-column elementor-element elementor-element-846eb8e\" data-id=\"846eb8e\" data-element_type=\"column\">\n\t\t\t<div class=\"elementor-widget-wrap elementor-element-populated\">\n\t\t\t\t\t\t\t\t<div class=\"elementor-element elementor-element-ad9a8e6 elementor-widget elementor-widget-text-editor\" data-id=\"ad9a8e6\" data-element_type=\"widget\" data-widget_type=\"text-editor.default\">\n\t\t\t\t<div class=\"elementor-widget-container\">\n\t\t\t\t\t\t\t\t<table class=\"table\"><tbody><tr><td width=\"80%\"><b>Tipos de Inscri\u00e7\u00f5es <\/b><br \/>Somente pelas plataformas Mercado Pago e PayPal<\/td><td width=\"20%\">\u00a0 \u00a0 Valores<\/td><td>\u00a0<\/td><\/tr><tr><td><b>INSCRI\u00c7\u00c3O TIPO 1 <\/b>\u00a0<br \/>Professores, pesquisadores e profissionais, com ou sem apresenta\u00e7\u00e3o de trabalho\u00a0<\/td><td>R$330,00<\/td><\/tr><tr><td><b>INSCRI\u00c7\u00c3O TIPO 2<\/b> <br \/>Associados das institui\u00e7\u00f5es:\u00a0 AIS \u2013 Association for Information Systems; BRAIS\u00a0 &#8211; Cap\u00edtulo brasileiro da AIS;\u00a0 ISACA Capitulo S\u00e3o Paulo. Aplica-se tamb\u00e9m a Professores que sejam membros destas associa\u00e7\u00f5es. (comprova\u00e7\u00e3o necess\u00e1ria).<\/td><td>R$290,00<\/td><td>\u00a0<\/td><\/tr><tr><td><b>INSCRI\u00c7\u00c3O TIPO 3<\/b> <br \/>Estudantes de p\u00f3s-gradua\u00e7\u00e3o: mestrado, doutorado. (comprova\u00e7\u00e3o necess\u00e1ria )<\/td><td>R$160,00<\/td><\/tr><tr><td><b>INSCRI\u00c7\u00c3O TIPO 4<\/b> <br \/>Somente para Estudantes de Gradua\u00e7\u00e3o. (comprova\u00e7\u00e3o necess\u00e1ria)<\/td><td>R$70,00<\/td><\/tr><\/tbody><\/table>\t\t\t\t\t\t<\/div>\n\t\t\t\t<\/div>\n\t\t\t\t\t<\/div>\n\t\t<\/div>\n\t\t\t\t\t\t\t<\/div>\n\t\t<\/section>\n\t\t\t\t<section class=\"elementor-section elementor-top-section elementor-element elementor-element-eb4ffeb elementor-section-boxed elementor-section-height-default elementor-section-height-default\" data-id=\"eb4ffeb\" data-element_type=\"section\">\n\t\t\t\t\t\t<div class=\"elementor-container elementor-column-gap-default\">\n\t\t\t\t\t<div class=\"elementor-column elementor-col-100 elementor-top-column elementor-element elementor-element-b34005e\" data-id=\"b34005e\" data-element_type=\"column\">\n\t\t\t<div class=\"elementor-widget-wrap elementor-element-populated\">\n\t\t\t\t\t\t\t\t<div class=\"elementor-element elementor-element-2a4820e elementor-widget elementor-widget-text-editor\" data-id=\"2a4820e\" data-element_type=\"widget\" data-widget_type=\"text-editor.default\">\n\t\t\t\t<div class=\"elementor-widget-container\">\n\t\t\t\t\t\t\t\t<h5><strong>5 &#8211;\u00a0 PAGAMENTO DA INSCRI\u00c7\u00c3O<\/strong><\/h5><p>As formas de pagamento\u00a0 s\u00e3o as seguintes:<\/p><p><strong>1 <\/strong>&#8211; Mercado Pago &#8211; Op\u00e7\u00f5es:\u00a0 Cart\u00e3o de Cr\u00e9dito, Boleto e Pix;\u00a0 e PayPal<\/p><p>A confirma\u00e7\u00e3o do pagamento \u00e9 feita AUTOMATICAMENTE pelo sistema do CONTECSI .\u00a0\u00a0<strong>O AUTOR NAO DEVE ENVIAR COMPROVANTE.\u00a0<\/strong><\/p><p><strong>2 <\/strong>\u2013 Empenho \u2013 <em>Entrar em contato com <a href=\"mailto:contecsiusp@tecsi.org\" target=\"_blank\" rel=\"noopener\">contecsiusp@tecsi.org<\/a>, solicitando os documentos necess\u00e1rios para a sua institui\u00e7\u00e3o. O CONTECSI n\u00e3o executa a consulta a institui\u00e7\u00e3o. O inscrito \u00e9 respons\u00e1vel por informar ao CONTECSI quais documentos que sua institui\u00e7\u00e3o solicita para realizar o empenho.<\/em><\/p><p><strong>3 <\/strong>&#8211; <strong>Para efetuar o pagamento da inscri\u00e7\u00e3o\u00a0<\/strong> f<a href=\"http:\/\/tecsi.submissao.com.br\/18contecsi\/inscricao\">a\u00e7a o Login no sistema do CONTECSI<\/a> e clique em\u00a0 Registration | Inscri\u00e7\u00e3o\u00a0 para realizar o pagamento da sua inscri\u00e7\u00e3o &#8211; <a href=\"http:\/\/tecsi.submissao.com.br\/18contecsi\/\">http:\/\/tecsi.submissao.com.br\/18contecsi\/<\/a><\/p><h5>6 &#8211; DIREITO DE IMAGEM<\/h5><p>As imagens e voz do Participante poder\u00e3o ser registradas durante o congresso. Esses registros e o nome do Participante poder\u00e3o ser utilizados gratuitamente pela USP \u2013 Universidade de S\u00e3o Paulo, CNPJ n\u00ba63.025.530\/0001-04 por quaisquer meios, em todo o territ\u00f3rio nacional e internacional, sem limite de tempo, desde que os usos sejam relacionados \u00e1 divulga\u00e7\u00e3o do CONTECSI.<\/p><p>Para quaisquer informa\u00e7\u00f5es adicionais favor enviar email para <a href=\"mailto:contecsiusp@tecsi.org\" target=\"_blank\" rel=\"noopener\">contecsiusp@tecsi.org<\/a><\/p>\t\t\t\t\t\t<\/div>\n\t\t\t\t<\/div>\n\t\t\t\t\t<\/div>\n\t\t<\/div>\n\t\t\t\t\t\t\t<\/div>\n\t\t<\/section>\n\t\t\t\t\t\t<\/div>\n\t\t\t\t\t<\/div>\n\t\t","protected":false},"excerpt":{"rendered":"<p>\u00a0 REGULAMENTO 18TH CONTECSI -INTERNATIONAL CONFERENCE ON INFORMATION SYSTEMS AND TECHNOLOGY MANAGEMENT ISSN:2448-1041 &#8211; VIRTUAL \u00a0 \u00a0 \u00a0 \u00a0 \u00a0 \u00a0 \u00a0 \u00a0 \u00a0 \u00a0 \u00a0 \u00a0 \u00a0CONDI\u00c7\u00d5ES GERAIS DE PARTICIPA\u00c7\u00c3O &#8211; O QUE \u00c9 A INSCRI\u00c7\u00c3O NO 18TH CONTECSI VIRTUAL ? \u00c9 O ATO DE EFETUAR O PAGAMENTO QUE D\u00c1 DIREITO \u00c0 PARTICIPA\u00c7\u00c3O EM [&hellip;]<\/p>\n","protected":false},"author":2,"featured_media":0,"parent":0,"menu_order":0,"comment_status":"closed","ping_status":"closed","template":"","meta":{"_links_to":"","_links_to_target":""},"_links":{"self":[{"href":"https:\/\/contecsi.submissao.com.br\/18\/wp-json\/wp\/v2\/pages\/262"}],"collection":[{"href":"https:\/\/contecsi.submissao.com.br\/18\/wp-json\/wp\/v2\/pages"}],"about":[{"href":"https:\/\/contecsi.submissao.com.br\/18\/wp-json\/wp\/v2\/types\/page"}],"author":[{"embeddable":true,"href":"https:\/\/contecsi.submissao.com.br\/18\/wp-json\/wp\/v2\/users\/2"}],"replies":[{"embeddable":true,"href":"https:\/\/contecsi.submissao.com.br\/18\/wp-json\/wp\/v2\/comments?post=262"}],"version-history":[{"count":146,"href":"https:\/\/contecsi.submissao.com.br\/18\/wp-json\/wp\/v2\/pages\/262\/revisions"}],"predecessor-version":[{"id":1662,"href":"https:\/\/contecsi.submissao.com.br\/18\/wp-json\/wp\/v2\/pages\/262\/revisions\/1662"}],"wp:attachment":[{"href":"https:\/\/contecsi.submissao.com.br\/18\/wp-json\/wp\/v2\/media?parent=262"}],"curies":[{"name":"wp","href":"https:\/\/api.w.org\/{rel}","templated":true}]}}