








{"id":26,"date":"2021-06-07T22:17:04","date_gmt":"2021-06-07T22:17:04","guid":{"rendered":"http:\/\/contecsi.submissao.com.br\/18\/?page_id=26"},"modified":"2021-08-26T13:16:38","modified_gmt":"2021-08-26T16:16:38","slug":"modalidades","status":"publish","type":"page","link":"https:\/\/contecsi.submissao.com.br\/18\/modalidades\/","title":{"rendered":"Modalidades"},"content":{"rendered":"\t\t<div data-elementor-type=\"wp-page\" data-elementor-id=\"26\" class=\"elementor elementor-26\" data-elementor-settings=\"[]\">\n\t\t\t\t\t\t\t<div class=\"elementor-section-wrap\">\n\t\t\t\t\t\t\t<section class=\"elementor-section elementor-top-section elementor-element elementor-element-d8991fd elementor-section-boxed elementor-section-height-default elementor-section-height-default\" data-id=\"d8991fd\" data-element_type=\"section\">\n\t\t\t\t\t\t<div class=\"elementor-container elementor-column-gap-default\">\n\t\t\t\t\t<div class=\"elementor-column elementor-col-100 elementor-top-column elementor-element elementor-element-7d3ae0b\" data-id=\"7d3ae0b\" data-element_type=\"column\">\n\t\t\t<div class=\"elementor-widget-wrap elementor-element-populated\">\n\t\t\t\t\t\t\t\t<div class=\"elementor-element elementor-element-dacefcf elementor-widget elementor-widget-mgaccordion_widget\" data-id=\"dacefcf\" data-element_type=\"widget\" data-settings=\"{&quot;_animation&quot;:&quot;none&quot;}\" data-widget_type=\"mgaccordion_widget.default\">\n\t\t\t\t<div class=\"elementor-widget-container\">\n\t\t\t\n\n\n\n\n\n<div class=\"accordion mgaccordion mg-accoedion-primary excolor\" id=\"mgAccordion2941987\">\n\n\t\t\t\n\t\t<div class=\"card mgrc-item mgrc-item-left-right text-left\">\n\t\t    <div class=\"card-header mg-accordion-title\" id=\"heading02941987\">\n\t\t        <div class=\"mgrc-title collapsed \" data-toggle=\"collapse\" data-target=\"#mgc-item02941987\" aria-expanded=\"false\" aria-controls=\"mgc-item02941987\">\n\t\t\t\t\t\t          <h2 >Solicitamos a leitura das caracter\u00edsticas e finalidade de cada modalidade aqui descrita para que sua submiss\u00e3o seja feita de forma correta. <\/h2>\n\t\t          \t\t          \t<div class=\"mgc-icons mgc-right-icon\">\n\t\t          \t\t<div class=\"mgc-icon\">\n\t\t\t          \t \t<span class=\"mgc-close\"><i class=\"fas fa-plus\"><\/i><\/span>\n\t\t\t\t\t\t\t\n\t\t\t          \t <\/div>\n\t\t\t          \t <div class=\"mgc-icon\">\n\t\t\t          \t \t<span class=\"mgc-open\"><i class=\"fas fa-minus\"><\/i><\/span>\n\t\t\t     \t \t\t  \n\t\t\t          \t <\/div>\n\t\t\t        <\/div>\n\t\t     \t \t\t        <\/div>\n\t\t      \n\t\t    <\/div>\n\n\t\t    <div id=\"mgc-item02941987\" class=\"collapse mgaccont \" aria-labelledby=\"heading02941987\" data-parent=\"#mgAccordion2941987\">\n\t\t      <div class=\"card-body mgac-content mgac-none\">\n\t\t      \t<p ><\/p>\n\t\t      <\/div>\n\t\t    <\/div>\n\t\t<\/div>\n\t\t\n\t\t<div class=\"card mgrc-item mgrc-item-left-right text-left\">\n\t\t    <div class=\"card-header mg-accordion-title\" id=\"heading12941987\">\n\t\t        <div class=\"mgrc-title collapsed \" data-toggle=\"collapse\" data-target=\"#mgc-item12941987\" aria-expanded=\"false\" aria-controls=\"mgc-item12941987\">\n\t\t\t\t\t\t          <h2 >PSE - Full Paper<\/h2>\n\t\t          \t\t          \t<div class=\"mgc-icons mgc-right-icon\">\n\t\t          \t\t<div class=\"mgc-icon\">\n\t\t\t          \t \t<span class=\"mgc-close\"><i class=\"fas fa-plus\"><\/i><\/span>\n\t\t\t\t\t\t\t\n\t\t\t          \t <\/div>\n\t\t\t          \t <div class=\"mgc-icon\">\n\t\t\t          \t \t<span class=\"mgc-open\"><i class=\"fas fa-minus\"><\/i><\/span>\n\t\t\t     \t \t\t  \n\t\t\t          \t <\/div>\n\t\t\t        <\/div>\n\t\t     \t \t\t        <\/div>\n\t\t      \n\t\t    <\/div>\n\n\t\t    <div id=\"mgc-item12941987\" class=\"collapse mgaccont \" aria-labelledby=\"heading12941987\" data-parent=\"#mgAccordion2941987\">\n\t\t      <div class=\"card-body mgac-content mgac-none\">\n\t\t      \t<p ><p>Artigos completos, isto \u00e9,\u00a0 que apresentam uma pesquisa seja quantitativa ou qualitativa. O artigo traz uma an\u00e1lise dos resultados da pesquisa frente as teorias utilizadas. O Artigo \u00e9 apresentado em Sess\u00f5es Paralelas com discuss\u00e3o coordenada pelo moderador. M\u00e1ximo de 30 p\u00e1ginas,\u00a0 incluindo tabelas, figuras e refer\u00eancias. Deve seguir as recomenda\u00e7\u00f5es existentes na aba Diretrizes para Autores. Cada autor est\u00e1 limitado a 3 trabalhos nas categorias Full Paper (PSE) e Research Communication juntas.<\/p><\/p>\n\t\t      <\/div>\n\t\t    <\/div>\n\t\t<\/div>\n\t\t\n\t\t<div class=\"card mgrc-item mgrc-item-left-right text-left\">\n\t\t    <div class=\"card-header mg-accordion-title\" id=\"heading22941987\">\n\t\t        <div class=\"mgrc-title collapsed \" data-toggle=\"collapse\" data-target=\"#mgc-item22941987\" aria-expanded=\"false\" aria-controls=\"mgc-item22941987\">\n\t\t\t\t\t\t          <h2 >COM - Research Communication - Research in Progress<\/h2>\n\t\t          \t\t          \t<div class=\"mgc-icons mgc-right-icon\">\n\t\t          \t\t<div class=\"mgc-icon\">\n\t\t\t          \t \t<span class=\"mgc-close\"><i class=\"fas fa-plus\"><\/i><\/span>\n\t\t\t\t\t\t\t\n\t\t\t          \t <\/div>\n\t\t\t          \t <div class=\"mgc-icon\">\n\t\t\t          \t \t<span class=\"mgc-open\"><i class=\"fas fa-minus\"><\/i><\/span>\n\t\t\t     \t \t\t  \n\t\t\t          \t <\/div>\n\t\t\t        <\/div>\n\t\t     \t \t\t        <\/div>\n\t\t      \n\t\t    <\/div>\n\n\t\t    <div id=\"mgc-item22941987\" class=\"collapse mgaccont \" aria-labelledby=\"heading22941987\" data-parent=\"#mgAccordion2941987\">\n\t\t      <div class=\"card-body mgac-content mgac-none\">\n\t\t      \t<p ><p>Artigos que apresentam pesquisa em andamento e cujos resultados ainda necessitam de maior aprofundamento mas que permitem antever a import\u00e2ncia do trabalho. A abordagem pode ser qualitativa, quantitativa, an\u00e1lise bibliogr\u00e1fica ou apresentar discuss\u00e3o te\u00f3rica. Incluem-se tambem trabalhos que relatem a aplica\u00e7\u00e3o das TICS nas diversas \u00e1reas da sociedade e trazem uma discuss\u00e3o sobre as teorias que explicam e suportam tal relato.O trabalho \u00e9 apresentado pelos autores em sess\u00e3o a ser designada no PROGRAMA, M\u00e1ximo de 20 p\u00e1ginas, incluindo tabelas, figuras e refer\u00eancias. Deve seguir as recomenda\u00e7\u00f5es existentes na aba Diretrizes para Autores.. Cada autor est\u00e1 limitado a 3 trabalhos nas categorias Full Paper (PSE) e Research Communication (COM) juntas.<\/p><\/p>\n\t\t      <\/div>\n\t\t    <\/div>\n\t\t<\/div>\n\t\t\n\t\t<div class=\"card mgrc-item mgrc-item-left-right text-left\">\n\t\t    <div class=\"card-header mg-accordion-title\" id=\"heading32941987\">\n\t\t        <div class=\"mgrc-title collapsed \" data-toggle=\"collapse\" data-target=\"#mgc-item32941987\" aria-expanded=\"false\" aria-controls=\"mgc-item32941987\">\n\t\t\t\t\t\t          <h2 >MSC - Master Consortium<\/h2>\n\t\t          \t\t          \t<div class=\"mgc-icons mgc-right-icon\">\n\t\t          \t\t<div class=\"mgc-icon\">\n\t\t\t          \t \t<span class=\"mgc-close\"><i class=\"fas fa-plus\"><\/i><\/span>\n\t\t\t\t\t\t\t\n\t\t\t          \t <\/div>\n\t\t\t          \t <div class=\"mgc-icon\">\n\t\t\t          \t \t<span class=\"mgc-open\"><i class=\"fas fa-minus\"><\/i><\/span>\n\t\t\t     \t \t\t  \n\t\t\t          \t <\/div>\n\t\t\t        <\/div>\n\t\t     \t \t\t        <\/div>\n\t\t      \n\t\t    <\/div>\n\n\t\t    <div id=\"mgc-item32941987\" class=\"collapse mgaccont \" aria-labelledby=\"heading32941987\" data-parent=\"#mgAccordion2941987\">\n\t\t      <div class=\"card-body mgac-content mgac-none\">\n\t\t      \t<p ><p>O Projeto de aluno de mestrado \u00e9 um texto que indica claramente os seguintes aspectos: Motiva\u00e7\u00e3o para o tema\/assunto; an\u00e3lise bibliogr\u00e1fica indicando os textos nos quais o autor pode desenvolver seu enfoque metodologico e aplicado. Quanto ao tamanho e formado, o texto submetido deve seguir o mesmo padrao de um COM - Research Comunication \/ Research in Progress.<\/p><\/p>\n\t\t      <\/div>\n\t\t    <\/div>\n\t\t<\/div>\n\t\t\n\t\t<div class=\"card mgrc-item mgrc-item-left-right text-left\">\n\t\t    <div class=\"card-header mg-accordion-title\" id=\"heading42941987\">\n\t\t        <div class=\"mgrc-title collapsed \" data-toggle=\"collapse\" data-target=\"#mgc-item42941987\" aria-expanded=\"false\" aria-controls=\"mgc-item42941987\">\n\t\t\t\t\t\t          <h2 >DOC - Doctoral Consortium<\/h2>\n\t\t          \t\t          \t<div class=\"mgc-icons mgc-right-icon\">\n\t\t          \t\t<div class=\"mgc-icon\">\n\t\t\t          \t \t<span class=\"mgc-close\"><i class=\"fas fa-plus\"><\/i><\/span>\n\t\t\t\t\t\t\t\n\t\t\t          \t <\/div>\n\t\t\t          \t <div class=\"mgc-icon\">\n\t\t\t          \t \t<span class=\"mgc-open\"><i class=\"fas fa-minus\"><\/i><\/span>\n\t\t\t     \t \t\t  \n\t\t\t          \t <\/div>\n\t\t\t        <\/div>\n\t\t     \t \t\t        <\/div>\n\t\t      \n\t\t    <\/div>\n\n\t\t    <div id=\"mgc-item42941987\" class=\"collapse mgaccont \" aria-labelledby=\"heading42941987\" data-parent=\"#mgAccordion2941987\">\n\t\t      <div class=\"card-body mgac-content mgac-none\">\n\t\t      \t<p ><p>O Projeto de aluno de doutorado \u00e9 um texto que indica claramente os seguintes aspectos: Motiva\u00e7\u00e3o para o tema\/assunto; profunda an\u00e1lise bibliogr\u00e1fica indicando os textos nos quais o autor desenvolveu seu enfoque metodologico e aplicado ao tema. Deve mostrar a constru\u00e7\u00e3o te\u00f3rica bem como o delineamento da pesquisa que ser\u00e1 ou est\u00e1 sendo realizada e possiveis alternativas consideradas Quanto ao tamanho e formado, o texto submetido deve seguir o mesmo padrao de um COM - Research Comunication \/ Research in Progress.<\/p><\/p>\n\t\t      <\/div>\n\t\t    <\/div>\n\t\t<\/div>\n\t\t\n\t\t<div class=\"card mgrc-item mgrc-item-left-right text-left\">\n\t\t    <div class=\"card-header mg-accordion-title\" id=\"heading52941987\">\n\t\t        <div class=\"mgrc-title collapsed \" data-toggle=\"collapse\" data-target=\"#mgc-item52941987\" aria-expanded=\"false\" aria-controls=\"mgc-item52941987\">\n\t\t\t\t\t\t          <h2 >PDC - Post Doctoral Consortium<\/h2>\n\t\t          \t\t          \t<div class=\"mgc-icons mgc-right-icon\">\n\t\t          \t\t<div class=\"mgc-icon\">\n\t\t\t          \t \t<span class=\"mgc-close\"><i class=\"fas fa-plus\"><\/i><\/span>\n\t\t\t\t\t\t\t\n\t\t\t          \t <\/div>\n\t\t\t          \t <div class=\"mgc-icon\">\n\t\t\t          \t \t<span class=\"mgc-open\"><i class=\"fas fa-minus\"><\/i><\/span>\n\t\t\t     \t \t\t  \n\t\t\t          \t <\/div>\n\t\t\t        <\/div>\n\t\t     \t \t\t        <\/div>\n\t\t      \n\t\t    <\/div>\n\n\t\t    <div id=\"mgc-item52941987\" class=\"collapse mgaccont \" aria-labelledby=\"heading52941987\" data-parent=\"#mgAccordion2941987\">\n\t\t      <div class=\"card-body mgac-content mgac-none\">\n\t\t      \t<p ><p>O Projeto de aluno de p\u00f3s-doutorado \u00e9 similar ao projeto de aluno de doutorado tanto em conte\u00fado quanto em formato. O texto deve conter as mesmas informa\u00e7\u00f5es que o projeto de doutorado.<\/p><\/p>\n\t\t      <\/div>\n\t\t    <\/div>\n\t\t<\/div>\n\t\t\n\t\t<div class=\"card mgrc-item mgrc-item-left-right text-left\">\n\t\t    <div class=\"card-header mg-accordion-title\" id=\"heading62941987\">\n\t\t        <div class=\"mgrc-title collapsed \" data-toggle=\"collapse\" data-target=\"#mgc-item62941987\" aria-expanded=\"false\" aria-controls=\"mgc-item62941987\">\n\t\t\t\t\t\t          <h2 >REX - Extended Abstract<\/h2>\n\t\t          \t\t          \t<div class=\"mgc-icons mgc-right-icon\">\n\t\t          \t\t<div class=\"mgc-icon\">\n\t\t\t          \t \t<span class=\"mgc-close\"><i class=\"fas fa-plus\"><\/i><\/span>\n\t\t\t\t\t\t\t\n\t\t\t          \t <\/div>\n\t\t\t          \t <div class=\"mgc-icon\">\n\t\t\t          \t \t<span class=\"mgc-open\"><i class=\"fas fa-minus\"><\/i><\/span>\n\t\t\t     \t \t\t  \n\t\t\t          \t <\/div>\n\t\t\t        <\/div>\n\t\t     \t \t\t        <\/div>\n\t\t      \n\t\t    <\/div>\n\n\t\t    <div id=\"mgc-item62941987\" class=\"collapse mgaccont \" aria-labelledby=\"heading62941987\" data-parent=\"#mgAccordion2941987\">\n\t\t      <div class=\"card-body mgac-content mgac-none\">\n\t\t      \t<p ><p>O Resumo Expandido \u00e9 uma modalidade que pode ser utilizada\u00a0 por alunos de gradua\u00e7\u00e3o e tamb\u00e9m por\u00a0 \u00a0professores, pesquisadores, profissionais,\u00a0 mestrandos e doutorandos.\u00a0 \u00a0Tamanho: m\u00ednimo de 5 e m\u00e1ximo de 8 p\u00e1ginas.\u00a0<\/p><h4><strong><a href=\"https:\/\/contecsi.submissao.com.br\/18\/wp-content\/uploads\/sites\/2\/2021\/07\/MODELO_REX-RESUMO-EXPANDIDO-18TH-CONTECSI.docx\">Entre aqui para baixar o modelo de submiss\u00e3o<\/a><\/strong><\/h4><\/p>\n\t\t      <\/div>\n\t\t    <\/div>\n\t\t<\/div>\n\t\t\n\t\t<div class=\"card mgrc-item mgrc-item-left-right text-left\">\n\t\t    <div class=\"card-header mg-accordion-title\" id=\"heading72941987\">\n\t\t        <div class=\"mgrc-title collapsed \" data-toggle=\"collapse\" data-target=\"#mgc-item72941987\" aria-expanded=\"false\" aria-controls=\"mgc-item72941987\">\n\t\t\t\t\t\t          <h2 >POS - Poster Only for undergraduate students<\/h2>\n\t\t          \t\t          \t<div class=\"mgc-icons mgc-right-icon\">\n\t\t          \t\t<div class=\"mgc-icon\">\n\t\t\t          \t \t<span class=\"mgc-close\"><i class=\"fas fa-plus\"><\/i><\/span>\n\t\t\t\t\t\t\t\n\t\t\t          \t <\/div>\n\t\t\t          \t <div class=\"mgc-icon\">\n\t\t\t          \t \t<span class=\"mgc-open\"><i class=\"fas fa-minus\"><\/i><\/span>\n\t\t\t     \t \t\t  \n\t\t\t          \t <\/div>\n\t\t\t        <\/div>\n\t\t     \t \t\t        <\/div>\n\t\t      \n\t\t    <\/div>\n\n\t\t    <div id=\"mgc-item72941987\" class=\"collapse mgaccont \" aria-labelledby=\"heading72941987\" data-parent=\"#mgAccordion2941987\">\n\t\t      <div class=\"card-body mgac-content mgac-none\">\n\t\t      \t<p ><p>O Poster \u00e9 uma modalidade destinada a alunos de gradua\u00e7\u00e3o de qualquer \u00e1rea, sob orienta\u00e7\u00e3o ou n\u00e3o de professores orientadores.\u00a0 Nas escolas parceiras do CONTECSI\u00a0 trabalhos submetidos neste tipo de submiss\u00e3o normalmente passam por um processo pr\u00e9vio de sele\u00e7\u00e3o nas respectivas escolas pois fazem parte do programa de inicia\u00e7\u00e3o cient\u00edfica.\u00a0 N\u00e3o podem ultrapassam uma p\u00e1gina.<\/p><h4><strong><a href=\"https:\/\/contecsi.submissao.com.br\/18\/wp-content\/uploads\/sites\/2\/2021\/07\/MODELO-POS-POSTER-18TH-CONTECSI.docx\">Entre aqui para baixar o modelo de submiss\u00e3o<\/a><\/strong><\/h4><\/p>\n\t\t      <\/div>\n\t\t    <\/div>\n\t\t<\/div>\n\t\t\n\t\t<div class=\"card mgrc-item mgrc-item-left-right text-left\">\n\t\t    <div class=\"card-header mg-accordion-title\" id=\"heading82941987\">\n\t\t        <div class=\"mgrc-title collapsed \" data-toggle=\"collapse\" data-target=\"#mgc-item82941987\" aria-expanded=\"false\" aria-controls=\"mgc-item82941987\">\n\t\t\t\t\t\t          <h2 >TIN - Trabalhos Interdisciplinares Universidades Uniplac, Unc, Unesc, Univille<\/h2>\n\t\t          \t\t          \t<div class=\"mgc-icons mgc-right-icon\">\n\t\t          \t\t<div class=\"mgc-icon\">\n\t\t\t          \t \t<span class=\"mgc-close\"><i class=\"fas fa-plus\"><\/i><\/span>\n\t\t\t\t\t\t\t\n\t\t\t          \t <\/div>\n\t\t\t          \t <div class=\"mgc-icon\">\n\t\t\t          \t \t<span class=\"mgc-open\"><i class=\"fas fa-minus\"><\/i><\/span>\n\t\t\t     \t \t\t  \n\t\t\t          \t <\/div>\n\t\t\t        <\/div>\n\t\t     \t \t\t        <\/div>\n\t\t      \n\t\t    <\/div>\n\n\t\t    <div id=\"mgc-item82941987\" class=\"collapse mgaccont \" aria-labelledby=\"heading82941987\" data-parent=\"#mgAccordion2941987\">\n\t\t      <div class=\"card-body mgac-content mgac-none\">\n\t\t      \t<p ><p>Esta modalidade destina-se aos alunos da Universidades Uniplac, Unc, Unesc, Univille , para submiss\u00e3o de trabalhos interdisciplinares - Trabalhos de Cursos e Inicia\u00e7\u00e3o Cient\u00edfica e do Mestrado em Sistemas Produtivos.<\/p><p>\u00a0<\/p><h4><strong><a href=\"https:\/\/contecsi.submissao.com.br\/18\/wp-content\/uploads\/sites\/2\/2021\/08\/TIN-MODELO_RESUMO-EXPANDIDO-18TH-CONTECSI_PPGSP.docx\">Entre aqui para baixar o modelo de submiss\u00e3o<\/a><\/strong><\/h4><\/p>\n\t\t      <\/div>\n\t\t    <\/div>\n\t\t<\/div>\n\t\t\n\t\t<div class=\"card mgrc-item mgrc-item-left-right text-left\">\n\t\t    <div class=\"card-header mg-accordion-title\" id=\"heading92941987\">\n\t\t        <div class=\"mgrc-title collapsed \" data-toggle=\"collapse\" data-target=\"#mgc-item92941987\" aria-expanded=\"false\" aria-controls=\"mgc-item92941987\">\n\t\t\t\t\t\t          <h2 >WTP - Proposals for Workshop, Tutorial or Panel<\/h2>\n\t\t          \t\t          \t<div class=\"mgc-icons mgc-right-icon\">\n\t\t          \t\t<div class=\"mgc-icon\">\n\t\t\t          \t \t<span class=\"mgc-close\"><i class=\"fas fa-plus\"><\/i><\/span>\n\t\t\t\t\t\t\t\n\t\t\t          \t <\/div>\n\t\t\t          \t <div class=\"mgc-icon\">\n\t\t\t          \t \t<span class=\"mgc-open\"><i class=\"fas fa-minus\"><\/i><\/span>\n\t\t\t     \t \t\t  \n\t\t\t          \t <\/div>\n\t\t\t        <\/div>\n\t\t     \t \t\t        <\/div>\n\t\t      \n\t\t    <\/div>\n\n\t\t    <div id=\"mgc-item92941987\" class=\"collapse mgaccont \" aria-labelledby=\"heading92941987\" data-parent=\"#mgAccordion2941987\">\n\t\t      <div class=\"card-body mgac-content mgac-none\">\n\t\t      \t<p ><p>Esta modalidade destina-se a empresas, pesquisadores e profissionais que desejam submeter proposta para a realiza\u00e7\u00e3o de workshop, tutorial ou painel visando oferecer ao publico presente no congresso uma abordagem direta, profunda e pr\u00e1tica sobre qualquer tema relacionado ao congresso tanto na teoria quanto na pr\u00e1tica. A proposta deve ser redigida em documento word e em formato livre. Deve incluir as seguintes informa\u00e7\u00f5es: Titulo, tipo, nome institui\u00e7\u00e3o dos autores; nome do proponente, dos apresentadores e respectiva biografia; descri\u00e7\u00e3o detalhada do assunto, sua import\u00e2ncia para o publico e t\u00f3picos que ser\u00e3o apresentados e discutidos.<\/p><\/p>\n\t\t      <\/div>\n\t\t    <\/div>\n\t\t<\/div>\n\t\t\t\n\n\n\n<\/div>\n\t\t\n\t\t\n\n\t\t<\/div>\n\t\t\t\t<\/div>\n\t\t\t\t\t<\/div>\n\t\t<\/div>\n\t\t\t\t\t\t\t<\/div>\n\t\t<\/section>\n\t\t\t\t\t\t<\/div>\n\t\t\t\t\t<\/div>\n\t\t","protected":false},"excerpt":{"rendered":"<p>Solicitamos a leitura das caracter\u00edsticas e finalidade de cada modalidade aqui descrita para que sua submiss\u00e3o seja feita de forma correta. PSE &#8211; Full Paper Artigos completos, isto \u00e9,\u00a0 que apresentam uma pesquisa seja quantitativa ou qualitativa. O artigo traz uma an\u00e1lise dos resultados da pesquisa frente as teorias utilizadas. O Artigo \u00e9 apresentado em [&hellip;]<\/p>\n","protected":false},"author":1,"featured_media":0,"parent":0,"menu_order":0,"comment_status":"closed","ping_status":"closed","template":"","meta":{"_links_to":"","_links_to_target":""},"_links":{"self":[{"href":"https:\/\/contecsi.submissao.com.br\/18\/wp-json\/wp\/v2\/pages\/26"}],"collection":[{"href":"https:\/\/contecsi.submissao.com.br\/18\/wp-json\/wp\/v2\/pages"}],"about":[{"href":"https:\/\/contecsi.submissao.com.br\/18\/wp-json\/wp\/v2\/types\/page"}],"author":[{"embeddable":true,"href":"https:\/\/contecsi.submissao.com.br\/18\/wp-json\/wp\/v2\/users\/1"}],"replies":[{"embeddable":true,"href":"https:\/\/contecsi.submissao.com.br\/18\/wp-json\/wp\/v2\/comments?post=26"}],"version-history":[{"count":85,"href":"https:\/\/contecsi.submissao.com.br\/18\/wp-json\/wp\/v2\/pages\/26\/revisions"}],"predecessor-version":[{"id":1596,"href":"https:\/\/contecsi.submissao.com.br\/18\/wp-json\/wp\/v2\/pages\/26\/revisions\/1596"}],"wp:attachment":[{"href":"https:\/\/contecsi.submissao.com.br\/18\/wp-json\/wp\/v2\/media?parent=26"}],"curies":[{"name":"wp","href":"https:\/\/api.w.org\/{rel}","templated":true}]}}