








{"id":24,"date":"2021-06-07T20:19:33","date_gmt":"2021-06-07T20:19:33","guid":{"rendered":"http:\/\/contecsi.submissao.com.br\/18\/?page_id=24"},"modified":"2021-07-24T07:03:57","modified_gmt":"2021-07-24T10:03:57","slug":"sobre","status":"publish","type":"page","link":"https:\/\/contecsi.submissao.com.br\/18\/sobre\/","title":{"rendered":"Sobre"},"content":{"rendered":"\t\t<div data-elementor-type=\"wp-page\" data-elementor-id=\"24\" class=\"elementor elementor-24\" data-elementor-settings=\"[]\">\n\t\t\t\t\t\t\t<div class=\"elementor-section-wrap\">\n\t\t\t\t\t\t\t<section class=\"elementor-section elementor-top-section elementor-element elementor-element-5a849d72 elementor-section-boxed elementor-section-height-default elementor-section-height-default\" data-id=\"5a849d72\" data-element_type=\"section\">\n\t\t\t\t\t\t<div class=\"elementor-container elementor-column-gap-default\">\n\t\t\t\t\t<div class=\"elementor-column elementor-col-100 elementor-top-column elementor-element elementor-element-123d4e90\" data-id=\"123d4e90\" data-element_type=\"column\">\n\t\t\t<div class=\"elementor-widget-wrap elementor-element-populated\">\n\t\t\t\t\t\t\t\t<div class=\"elementor-element elementor-element-7ae89ae elementor-widget elementor-widget-text-editor\" data-id=\"7ae89ae\" data-element_type=\"widget\" data-widget_type=\"text-editor.default\">\n\t\t\t\t<div class=\"elementor-widget-container\">\n\t\t\t\t\t\t\t\t<section class=\"elementor-element elementor-element-b942e70 elementor-section-content-top elementor-section-boxed elementor-section-height-default elementor-section-height-default elementor-section elementor-top-section elementskit-parallax-multi-container\" data-id=\"b942e70\" data-element_type=\"section\" data-settings=\"{\"><div class=\"elementor-container elementor-column-gap-wider\"><div class=\"elementor-row\"><div class=\"elementor-element elementor-element-fcef0d8 elementor-column elementor-col-100 elementor-top-column\" data-id=\"fcef0d8\" data-element_type=\"column\"><div class=\"elementor-column-wrap elementor-element-populated\"><div class=\"elementor-widget-wrap\"><div class=\"elementor-element elementor-element-bf0e7df elementor-widget elementor-widget-text-editor\" data-id=\"bf0e7df\" data-element_type=\"widget\" data-settings=\"{\" data-widget_type=\"text-editor.default\"><div class=\"elementor-widget-container\"><div class=\"elementor-text-editor elementor-clearfix\"><p><span class=\"elementor-drop-cap\"><span class=\"elementor-drop-cap-letter\">O<\/span><\/span><strong>CONTECSI USP \u2013 International Conference on Information Systems and Technology Management, ISSN 2448-1041<\/strong>, \u00e9 um dos mais importantes eventos desta \u00e1rea pois aborda a Informa\u00e7\u00e3o reunindo os campos Tecnologia de Informa\u00e7\u00e3o, Sistemas de Informa\u00e7\u00e3o e Ciencia da Informa\u00e7\u00e3o sob uma vis\u00e3o multidisciplinar.\u00c9 o evento pioneiro no Brasil a criar seu proprio Reposit\u00f3rio CONTECSI ( CONTECSI Archive) sob o Sistema OJS, onde todos os trabalhos apresentados sao identificados pelo numero DOI e estao disponiveis para acesso aberto e gratuito sob o ISSN 2448-1041.Para acessar entre em\u00a0<strong>Edi\u00e7\u00f5es Anteriores.\u00a0<\/strong>Existem in\u00fameros eventos de Sistemas de informa\u00e7\u00e3o e Tecnologia de Informa\u00e7\u00e3o que s\u00e3o essencialmente t\u00e9cnicos ou voltados \u00e0 comercializa\u00e7\u00e3o de produtos de TI.No entanto, raros s\u00e3o os eventos que procuram reunir reguladores, gestores, profissionais, professores, pesquisadores e estudantes das \u00e1reas de Sistemas de Informa\u00e7\u00e3o, Tecnologia de Informa\u00e7\u00e3o e Ciencia da Informa\u00e7\u00e3o.O CONTECSI reune todos os envolvidos no Estado-da-arte dos campos referentes a informa\u00e7\u00e3o, sob uma vis\u00e3o hol\u00edstica e integradora da gest\u00e3o. O CONTECSI conta sempre com a presen\u00e7a de palestrantes nacionais e internacionais e apresenta pain\u00e9is variados, palestras academicas e profissionais bem como trabalhos da mais alta qualidade apresentados pelos autores em sess\u00f5es paralelas, f\u00f3rum de pesquisa, consorcios: Doutoral, Mestral e Inicia\u00e7\u00e3o \u00e0 Pesquisa.Devido \u00e0 extensa comunidade que vem se formando desde 2004 o CONTECSI reune centenas de participantes nacionais e do exterior permitindo com isso uma integra\u00e7\u00e3o em nivel internacional entre a comunidade acad\u00eamica e profissional, ampliando o interesse na pesquisa, no compartilhamento de informa\u00e7\u00f5es atualizadas e nas pr\u00e1ticas utilizadas pelo mercado. Assim, contam-se entre os participantes delegados de todos os estados brasileiros e de mais de 30 pa\u00edses.Os trabalhos apresentados a cada ano s\u00e3o publicados na \u00edntegra no Livro dos Anais (Proceedings) do CONTECSI e ficam para sempre dispon\u00edveis para acesso livre a gratuito no Reposit\u00f3rio CONTECSI.O CONTECSI \u00e9 o evento oficial do Brazilian Chapter da AIS \u2013 Association for Information Systems (BRAIS)<br \/><strong>OBJETIVOS:\u00a0<\/strong>O CONTECSI \u00e9 um evento multidisciplinar e tem como principal objetivo promover a integra\u00e7\u00e3o entre a academia e a sociedade no estudo e discuss\u00e3o sobre a informa\u00e7\u00e3o na sociedade por meio das comunidades envolvidas na Tecnologia de Informa\u00e7\u00e3o, nos Sistemas de Informa\u00e7\u00e3o e na Ciencia da Informa\u00e7\u00e3o. Para tanto congrega os diferentes\u00a0<strong>segmentos<\/strong>\u00a0envolvidos com a informa\u00e7\u00e3o tais como: o que produz, o que implementa, o que utiliza, o que regulamenta e o que pesquisa. ou seja, acad\u00eamicos e profissionais sob a vis\u00e3o unificadora da gest\u00e3o. O car\u00e1ter multidisciplinar do congresso apresenta um desafio natural na organiza\u00e7\u00e3o de congressos pela variedade dos temas, resultando no cont\u00ednuo surgimento de novas tecnologias e sistemas de informa\u00e7\u00e3o bem como das inovadoras solu\u00e7\u00f5es que resultam das m\u00faltiplas combina\u00e7\u00f5es poss\u00edveis em sua utiliza\u00e7\u00e3o e das diferentes formas pelas quais os problemas das organiza\u00e7\u00f5es e da sociedade s\u00e3o abordados e resolvidos. Por isso, a palavra Gest\u00e3o no t\u00edtulo do evento tem como objetivo chamar a aten\u00e7\u00e3o para a import\u00e2ncia das pr\u00e1ticas e das experi\u00eancias dos profissionais e da popula\u00e7\u00e3o no seu dia-a-dia e da compreens\u00e3o desse conte\u00fado. O encontro de renomados palestrantes e pesquisadores locais e internacionais permite a integra\u00e7\u00e3o entre a comunidade acad\u00eamica e profissional, promo\u00e7\u00e3o da investiga\u00e7\u00e3o, partilha de informa\u00e7\u00e3o, novos conhecimentos e networking. Nas \u00faltimas 12 edi\u00e7\u00f5es o CONTECSI solidificou sua presen\u00e7a no ambito nacional e internacional, Isso tem sido demonstrado pela qualidade e quantidade de participantes a cada evento. Os participantes s\u00e3o professores, estudantes de p\u00f3s-gradua\u00e7\u00e3o e de gradua\u00e7\u00e3o, pesquisadores, profissionais, agentes de governo e empresas do setor. O CONTECSI tem sido apoiado por institui\u00e7\u00f5es p\u00fablicas, tais como: CAPES, FAPESP, CNPq e FEA USP. Estamos orgulhosos de ter alcan\u00e7ado todos os nossos objetivos em todas as edi\u00e7\u00f5es. A cada edi\u00e7\u00e3o tem sido alcan\u00e7ado n\u00edvel elevado de discuss\u00f5es devido ao aumento no n\u00famero de trabalhos recebidos e participantes inscritos.<br \/><strong>OBJETIVOS ESPEC\u00cdFICOS<\/strong>: Ser o evento que represente a comunidade brasileira de Sistemas de Informa\u00e7\u00e3o e Tecnologia de Informa\u00e7\u00e3o \u2013 BRAIS. Fomentar a divulga\u00e7\u00e3o cientifica da pesquisa, das pr\u00e1ticas e do uso da informa\u00e7\u00e3o.\u2022 Promover a colabora\u00e7\u00e3o entre as \u00e1reas de investiga\u00e7\u00f5es e pesquisas em Gest\u00e3o da SI e TI no pa\u00eds e no mundo em uma \u00f3tica multidisciplinar.\u2022 Manter F\u00f3rum permanente de debates de temas relevantes na \u00e1rea. \u2022 Alcan\u00e7ar maior aproxima\u00e7\u00e3o com a sociedade.\u2022 Estimular a forma\u00e7\u00e3o de n\u00facleos por \u00e1rea de especializa\u00e7\u00e3o;\u2022 Apoiar a divulga\u00e7\u00e3o de trabalhos relevantes; \u2022 Destacar as pesquisas mais inovativas atrav\u00e9s de men\u00e7\u00e3o honrosa e\u2022 Promover e apoiar atualiza\u00e7\u00e3o, reciclagem, aperfei\u00e7oamento e especializa\u00e7\u00e3o. O progresso para o alcance dos objetivos ser\u00e1 medido em termos do aumento de publica\u00e7\u00f5es em parcerias e pesquisas comparativas e colabora\u00e7\u00e3o entre pesquisadores. Isso \u00e9 desenvolvido pelo OBSERVAT\u00d2RIO CONTECSI.<\/p><\/div><\/div><\/div><\/div><\/div><\/div><\/div><\/div><\/section><section class=\"elementor-element elementor-element-98368ae elementor-section-boxed elementor-section-height-default elementor-section-height-default elementor-section elementor-top-section elementskit-parallax-multi-container\" data-id=\"98368ae\" data-element_type=\"section\" data-settings=\"{\"><div class=\"elementor-container elementor-column-gap-default\"><div class=\"elementor-row\"><div class=\"elementor-element elementor-element-8d61ec7 elementor-column elementor-col-100 elementor-top-column\" data-id=\"8d61ec7\" data-element_type=\"column\"><div class=\"elementor-column-wrap elementor-element-populated\"><div class=\"elementor-widget-wrap\"><div class=\"elementor-element elementor-element-42a0daa elementor-widget elementor-widget-heading\" data-id=\"42a0daa\" data-element_type=\"widget\" data-settings=\"{\" data-widget_type=\"heading.default\"><div class=\"elementor-widget-container\"><h2 class=\"elementor-heading-title elementor-size-default\">P\u00daBLICO ALVO<\/h2><\/div><\/div><\/div><\/div><\/div><\/div><\/div><\/section><section class=\"elementor-element elementor-element-156ccb3 elementor-section-boxed elementor-section-height-default elementor-section-height-default elementor-section elementor-top-section elementskit-parallax-multi-container\" data-id=\"156ccb3\" data-element_type=\"section\" data-settings=\"{\"><div class=\"elementor-container elementor-column-gap-default\"><div class=\"elementor-row\"><div class=\"elementor-element elementor-element-24d3f9f elementor-column elementor-col-100 elementor-top-column\" data-id=\"24d3f9f\" data-element_type=\"column\"><div class=\"elementor-column-wrap elementor-element-populated\"><div class=\"elementor-widget-wrap\"><div class=\"elementor-element elementor-element-3309280 elementor-widget elementor-widget-text-editor\" data-id=\"3309280\" data-element_type=\"widget\" data-settings=\"{\" data-widget_type=\"text-editor.default\"><div class=\"elementor-widget-container\"><div class=\"elementor-text-editor elementor-clearfix\"><p>Professores, alunos de Gradua\u00e7\u00e3o, P\u00f3s-Gradua\u00e7\u00e3o, MBAs e Especializa\u00e7\u00e3o, pesquisadores, profissionais e empres\u00e1rios envolvidos com a tem\u00e1tica da Gest\u00e3o dos Sistemas de Informa\u00e7\u00e3o \u00a0da Tecnologia de Informa\u00e7\u00e3o e Ciencia da Informa\u00e7\u00e3o \u00a0nas organiza\u00e7\u00f5es.Este evento interessa aos alunos e professores dos cursos de Tecnologia da Informa\u00e7\u00e3o, Engenharia, Administra\u00e7\u00e3o de Empresas, Contabilidade, Ci\u00eancias da Computa\u00e7\u00e3o, Ci\u00eancias da Informa\u00e7\u00e3o, Biblioteconomia, Gest\u00e3o, Finan\u00e7as, entre outros.\u00a0<\/p><\/div><p><a href=\"http:\/\/creativecommons.org\/licenses\/by\/3.0\/\" target=\"_new\" rel=\"license\"><img src=\"http:\/\/i.creativecommons.org\/l\/by\/3.0\/80x15.png\" alt=\"Licen\u00e7a Creative Commons\" \/><\/a><br \/>Este trabalho est\u00e1 licenciado sob uma\u00a0<a href=\"http:\/\/creativecommons.org\/licenses\/by\/3.0\/\" target=\"_new\" rel=\"license\">Licen\u00e7a Creative Commons Attribution 3.0\u00a0<\/a>.<\/p><\/div><\/div><\/div><\/div><\/div><\/div><\/div><\/section>\t\t\t\t\t\t<\/div>\n\t\t\t\t<\/div>\n\t\t\t\t\t<\/div>\n\t\t<\/div>\n\t\t\t\t\t\t\t<\/div>\n\t\t<\/section>\n\t\t\t\t\t\t<\/div>\n\t\t\t\t\t<\/div>\n\t\t","protected":false},"excerpt":{"rendered":"<p>OCONTECSI USP \u2013 International Conference on Information Systems and Technology Management, ISSN 2448-1041, \u00e9 um dos mais importantes eventos desta \u00e1rea pois aborda a Informa\u00e7\u00e3o reunindo os campos Tecnologia de Informa\u00e7\u00e3o, Sistemas de Informa\u00e7\u00e3o e Ciencia da Informa\u00e7\u00e3o sob uma vis\u00e3o multidisciplinar.\u00c9 o evento pioneiro no Brasil a criar seu proprio Reposit\u00f3rio CONTECSI ( CONTECSI [&hellip;]<\/p>\n","protected":false},"author":1,"featured_media":0,"parent":0,"menu_order":0,"comment_status":"closed","ping_status":"closed","template":"","meta":{"_links_to":"","_links_to_target":""},"_links":{"self":[{"href":"https:\/\/contecsi.submissao.com.br\/18\/wp-json\/wp\/v2\/pages\/24"}],"collection":[{"href":"https:\/\/contecsi.submissao.com.br\/18\/wp-json\/wp\/v2\/pages"}],"about":[{"href":"https:\/\/contecsi.submissao.com.br\/18\/wp-json\/wp\/v2\/types\/page"}],"author":[{"embeddable":true,"href":"https:\/\/contecsi.submissao.com.br\/18\/wp-json\/wp\/v2\/users\/1"}],"replies":[{"embeddable":true,"href":"https:\/\/contecsi.submissao.com.br\/18\/wp-json\/wp\/v2\/comments?post=24"}],"version-history":[{"count":25,"href":"https:\/\/contecsi.submissao.com.br\/18\/wp-json\/wp\/v2\/pages\/24\/revisions"}],"predecessor-version":[{"id":1019,"href":"https:\/\/contecsi.submissao.com.br\/18\/wp-json\/wp\/v2\/pages\/24\/revisions\/1019"}],"wp:attachment":[{"href":"https:\/\/contecsi.submissao.com.br\/18\/wp-json\/wp\/v2\/media?parent=24"}],"curies":[{"name":"wp","href":"https:\/\/api.w.org\/{rel}","templated":true}]}}