








{"id":166,"date":"2021-06-09T16:41:10","date_gmt":"2021-06-09T16:41:10","guid":{"rendered":"http:\/\/contecsi.submissao.com.br\/18\/?page_id=166"},"modified":"2021-09-11T20:21:30","modified_gmt":"2021-09-11T23:21:30","slug":"diretrizes-para-autores","status":"publish","type":"page","link":"https:\/\/contecsi.submissao.com.br\/18\/diretrizes-para-autores\/","title":{"rendered":"Diretrizes para Autores"},"content":{"rendered":"\t\t<div data-elementor-type=\"wp-page\" data-elementor-id=\"166\" class=\"elementor elementor-166\" data-elementor-settings=\"[]\">\n\t\t\t\t\t\t\t<div class=\"elementor-section-wrap\">\n\t\t\t\t\t\t\t<section class=\"elementor-section elementor-top-section elementor-element elementor-element-2c3ec358 elementor-section-boxed elementor-section-height-default elementor-section-height-default\" data-id=\"2c3ec358\" data-element_type=\"section\">\n\t\t\t\t\t\t<div class=\"elementor-container elementor-column-gap-default\">\n\t\t\t\t\t<div class=\"elementor-column elementor-col-100 elementor-top-column elementor-element elementor-element-173bca45\" data-id=\"173bca45\" data-element_type=\"column\">\n\t\t\t<div class=\"elementor-widget-wrap elementor-element-populated\">\n\t\t\t\t\t\t\t\t<div class=\"elementor-element elementor-element-76867a21 elementor-widget elementor-widget-text-editor\" data-id=\"76867a21\" data-element_type=\"widget\" data-widget_type=\"text-editor.default\">\n\t\t\t\t<div class=\"elementor-widget-container\">\n\t\t\t\t\t\t\t\t<p><strong><img loading=\"lazy\" class=\"wp-image-1112 aligncenter\" src=\"https:\/\/contecsi.submissao.com.br\/18\/wp-content\/uploads\/sites\/2\/2021\/07\/18TH-logo-atualizado-sem-data-300x139.png\" alt=\"\" width=\"174\" height=\"81\" srcset=\"https:\/\/contecsi.submissao.com.br\/18\/wp-content\/uploads\/sites\/2\/2021\/07\/18TH-logo-atualizado-sem-data-300x139.png 300w, https:\/\/contecsi.submissao.com.br\/18\/wp-content\/uploads\/sites\/2\/2021\/07\/18TH-logo-atualizado-sem-data-1024x474.png 1024w, https:\/\/contecsi.submissao.com.br\/18\/wp-content\/uploads\/sites\/2\/2021\/07\/18TH-logo-atualizado-sem-data-768x355.png 768w, https:\/\/contecsi.submissao.com.br\/18\/wp-content\/uploads\/sites\/2\/2021\/07\/18TH-logo-atualizado-sem-data-1536x711.png 1536w, https:\/\/contecsi.submissao.com.br\/18\/wp-content\/uploads\/sites\/2\/2021\/07\/18TH-logo-atualizado-sem-data-2048x948.png 2048w\" sizes=\"(max-width: 174px) 100vw, 174px\" \/><\/strong><\/p><p><strong>18th CONTECSI &#8211; INTERNATIONAL CONFERENCE ON INFORMATION SYSTEMS AND TECHNOLOGY MANAGEMENT &#8211; VIRTUAL &#8211; OUTUBRO 13 A 15, 2021.\u00a0<\/strong><\/p><p><b>PREZADO AUTOR &#8211; O CONTECSI USP apresenta-se a partir deste ano de 2021 em uma nova plataforma.\u00a0<\/b><b>\u00c9 necess\u00e1rio que voc\u00ea fa\u00e7a seu cadastro na nova plataforma. <\/b><\/p><p><b>Essa altera\u00e7\u00e3o tem como objetivo proporcionar melhor acesso, opera\u00e7\u00e3o e controle, mantendo as caracter\u00edsticas que fizeram do CONTECSI o evento pioneiro e inovador. Por ser uma nova plataforma voc\u00ea dever\u00e1 cadastrar-se e inserir seus dados pessoais e acad\u00eamicos. A plataforma anterior continua como o CONTECSI Archive, ou seja, o reposit\u00f3rio dos trabalhos desde 2004 at\u00e9 2020 e\u00a0 pode ser acessada de forma aberta e gratuita.\u00a0<\/b><\/p><p><b> \u00c9 muito importante que voc\u00ea siga todos os passos e recomenda\u00e7\u00f5es do processo de submiss\u00e3o.\u00a0 Atente para cada um dos t\u00f3picos obrigat\u00f3rios constantes das Diretrizes para Submiss\u00e3o.\u00a0\u00a0<\/b><\/p><p>FORMATO DO CONTECSI VIRTUAL 2021 &#8211;\u00a0 Nesta edi\u00e7\u00e3o teremos a mesma inova\u00e7\u00e3o introduzida em 2020\u00a0 pelo\u00a0 \u00a0CONTECSI que foi a grava\u00e7\u00e3o pr\u00e9via do v\u00eddeo referente a cada apresenta\u00e7\u00e3o e o formato das se\u00e7\u00f5es de discuss\u00e3o e apresenta\u00e7\u00e3o.\u00a0 Assim, para cada trabalho aceito haver\u00e1 um v\u00eddeo gravado pelo autor o qual ser\u00e1 editado e apresentado conforme os padr\u00f5es de qualidade do CONTECSI.<\/p><p><strong>SUBMISS\u00c3O DE TRABALHOS<\/strong><\/p><p><strong>18th CONTECSI \u2013 VIRTUAL &#8211; DIRETRIZES GERAIS PARA A\u00a0 SUBMISS\u00c3O DE TRABALHOS<\/strong><\/p><p>\u00c9 FUNDAMENTAL O PREENCHIMENTO DE TODOS OS DADOS SOLICITADOS E OPCIONAIS SOBRE OS AUTORES E SOBRE A SUBMISS\u00c3O POIS S\u00c3O ESSES DADOS QUE PERMITEM A EDI\u00c7\u00c3O COMPLETA E CORRETA DOS TRABALHOS ACEITOS<\/p><p>EM CASO DE DUVIDA\u00a0 escreva para contecsiusp@tecsi.org<\/p><p><strong>PROCESSO DE SUBMISS\u00c3O DE TRABALHOS &#8211;\u00a0<\/strong>O que \u00e9 a submiss\u00e3o ou envio de trabalhos? \u00c9 a sequencia de passos que um autor deve seguir para seu trabalho seja submetido ou carregado de forma correta no sistema gerenciador do congresso.<\/p><p>Informa\u00e7\u00f5es sobre a Formata\u00e7\u00e3o dos trabalhos e a Submiss\u00e3o:<\/p><h4><strong>A &#8211; REGRA OBRIGAT\u00d3RIA PARA FORMATA\u00c7\u00c3O E SUBMISS\u00c3O DOS TRABALHOS\u00a0\u00a0<\/strong><\/h4><h4><strong>OBRIGAT\u00d3RIO<\/strong>: <strong>A submiss\u00e3o requer apenas UM ARQUIVO EM PDF, SEM IDENTIFICA\u00c7\u00c3O DE AUTORES E DE INSTITUI\u00c7\u00c3O. AUTORES e INSTITUI\u00c7\u00d5ES DEVEM SER INSERIDOS SOMENTE NOS CAMPOS\u00a0 APROPRIADOS QUANDO DA SUBMISS\u00c3O<\/strong>. N\u00e3o devem ser inclu\u00eddos no texto submetido.\u00a0<\/h4><p>Para a formata\u00e7\u00e3o do texto utilizar A4, espa\u00e7o simples, fonte TIMES NEW ROMAN, tamanho 12.\u00a0 Margens superior e esquerda de 3 cm e inferior e direita de 2,5cm. Quanto ao numero m\u00e1ximo de p\u00e1ginas solicitamos entrar em <strong><a href=\"https:\/\/contecsi.submissao.com.br\/18\/modalidades\/\">MODALIDADES\u00a0<\/a><\/strong>\u00a0 \u00a0 para saber sobre cada modalidade de trabalho.\u00a0 Sobre trabalhos para cons\u00f3rcio entrar em <a href=\"https:\/\/contecsi.submissao.com.br\/18\/consorcios\/\"><strong>CONSORCIOS<\/strong><\/a> para detalhes espec\u00edficos.<\/p><p>Cada submiss\u00e3o \u00e9 identificada pelo sistema por um c\u00f3digo num\u00e9rico \u00fanico de quatro d\u00edgitos. Os autores devem utilizar SEMPRE esse c\u00f3digo em suas comunica\u00e7\u00f5es com a coordena\u00e7\u00e3o do evento.<\/p><p>Os artigos devem ser in\u00e9ditos. Para tanto, o autor deve assumir que o artigo n\u00e3o tenha sido publicado na \u00edntegra e com igual conte\u00fado em nenhum outro meio. Artigos apresentados em outros congressos podem ser submetidos desde que apresentem evolu\u00e7\u00e3o em seu texto. O CONTECSI USP utiliza sistema\u00a0 de an\u00e1lise de similaridade onde seja necess\u00e1rio.<\/p><p><b>IMPORTANCIA DO <\/b><strong>\u00a0PREENCHIMENTO CORRETO DOS DADOS\u00a0 DOS AUTORES E\u00a0 DA SUBMISS\u00c3O\u00a0 (METADADOS), NOS CAMPOS APROPRIADOS<\/strong><\/p><p><strong>O preenchimento correto<\/strong> e completo dos dados\u00a0 de autores e do\u00a0 trabalho \u00e9 muito importante, pois esses dados s\u00e3o utilizados para:<br \/>1-Compor o texto final de publica\u00e7\u00e3o de seu artigo no Proceedings Book &#8211; Livro dos Anais, e no CONTECSI ARCHIVE.<\/p><p>2-Divulgar os dados bibliogr\u00e1ficos pela internet, nos sistemas de busca e nos acessos p\u00fablicos ao seu trabalho por meio do DOI, leituras e downloads.<\/p><p>Para as modalidades PSE e COM sistema permite o m\u00e1ximo de quatro autores por trabalho Para as modalidades RX, POSTER , TIN e\u00a0 CONS\u00d3RCIOS esse limite \u00e9 maior. Todos os dados dos autores devem ser inclu\u00eddos<strong> pelo autor respons\u00e1vel pela submiss\u00e3o<\/strong> e\u00a0 no momento da submiss\u00e3o. Em caso de altera\u00e7\u00f5es leia o paragrafo seguinte:<\/p><p><strong>CORRE\u00c7\u00d5ES AP\u00d3S A SUBMISS\u00c3O<\/strong><\/p><p><strong><span style=\"color: #0000ff;\">Metadados do Trabalho submetido:<\/span><\/strong><\/p><p><strong>QUALQUER TIPO DE CORRE\u00c7\u00c3O EM <span style=\"text-decoration: underline;\">METADADOS<\/span> DO TRABALHO COMO PALAVRAS CHAVE, RESUMO\/ABSTRACT,\u00a0 AGENCIAS FINANCIADORAS DA PESQUISA, ETC,\u00a0 PODE\u00a0 SER FEITA PELO AUTOR RESPONS\u00c1VEL AT\u00c9 15 DE SETEMBRO, ENTRANDO NO SISTEMA COM SEU\u00a0 LOGIN E SENHA.\u00a0 <\/strong><\/p><p><strong><span style=\"color: #0000ff;\">Acrescentar ou cancelar Autores\u00a0<\/span><\/strong><\/p><p><strong>\u00a0O autor <span style=\"text-decoration: underline;\">que fez a submiss\u00e3o<\/span> pode incluir ou excluir autores ou alterar a ordem em que os autores devem aparecer.\u00a0<\/strong><\/p><p><span style=\"color: #0000ff;\"><b style=\"color: #0000ff;\">Altera\u00e7\u00f5es nos dados de autores ap\u00f3s a submiss\u00e3o &#8211; somente pode ser feita pelos <\/b><span style=\"color: #0000ff;\"><b>pr\u00f3prios<\/b><\/span><b style=\"color: #0000ff;\"> autores, entrando com seu login e senha.\u00a0\u00a0<\/b><\/span><\/p><p><strong>\u00a0<\/strong><strong>A INSER\u00c7\u00c3O DE NOVA VERS\u00c3O DO TEXTO \u00c9 POSSIVEL S\u00d3MENTE E APENAS PARA CORRIGIR ERROS\u00a0 ORTOGR\u00c1FICOS<\/strong> OU SE SOLICITADO PELA COORDENA\u00c7\u00c3O DO CONGRESSO.\u00a0 ALTERA\u00c7\u00d5ES FORA DESTE REGULAMENTO PODEM ACARRETAR A ELIMINA\u00c7\u00c3O DO TRABALHO E CANCELAMENTO DA INSCRI\u00c7\u00c3O SEM DEVOLU\u00c7\u00c3O DO VALOR PAGO.<\/p><p><strong>ESTRUTURA RECOMENDADA PARA OS ARTIGOS<\/strong><\/p><p>S\u00e3o aceitos artigos em Ingl\u00eas, Portugu\u00eas e Espanhol.<\/p><p><b>Artigos escritos em Portugu\u00eas e Espanhol devem ter o t\u00edtulo, resumo e palavras-chave tamb\u00e9m em\u00a0 ingl\u00eas .\u00a0<\/b><\/p><p><strong>Artigos escritos em ingles<\/strong>: Devem ter o Titulo,\u00a0 Resumo (Abstract), e palavras-chave\u00a0\u00a0<b>somente em ingl\u00eas.<\/b><\/p><p>Sugerimos estruturar o artigo conforme os seguintes itens e na seguinte sequ\u00eancia: Introdu\u00e7\u00e3o, Metodologia, Resultados, Conclus\u00f5es, Recomenda\u00e7\u00f5es e Refer\u00eancias Bibliogr\u00e1ficas.<\/p><p>Note que a se\u00e7\u00e3o\u00a0 ABSTRACT\/RESUMO faz parte dos metadados e segue formato estruturado onde o autor \u00e9 guiado pelo pr\u00f3prio sistema para o preenchimento dos campos.\u00a0 O sistema guia a estrutura a ser preenchida conforme a MODALIDADE do trabalho.\u00a0 Caso tenha duvida sobre a modalidade correto do seu trabalho entre na pagina MODALIDADES neste portal.\u00a0<\/p><p>As tabelas, gr\u00e1ficos e quadros devem ter t\u00edtulo, estar numeradas sequencialmente e\u00a0 acompanhadas da informa\u00e7\u00e3o sobre os autores dos mesmos.\u00a0 numera\u00e7\u00e3o e t\u00edtulo e devem estar citadas no texto. As cita\u00e7\u00f5es bibliogr\u00e1ficas diretas devem ser indicadas no corpo do texto, citando o sobrenome, ano e p\u00e1gina ex.: (Assis, 1999: 43). Todas as\u00a0 refer\u00eancias bibliogr\u00e1ficas devem ser apresentada em ordem alfab\u00e9tica ao final do texto de acordo a norma APA.<\/p><p>Ser\u00e1 aceito mais de um trabalho por autor no limite m\u00e1ximo de 3. \u00a0M\u00e1ximo de 3 co-autores al\u00e9m do primeiro autor.<\/p><p>Artigos devem ser enviados atrav\u00e9s do sistema online. N\u00e3o s\u00e3o aceitas submiss\u00f5es por email.<\/p><p>Qualquer altera\u00e7\u00e3o deve ser executada\u00a0 <strong>pelo autor respons\u00e1vel pela submiss\u00e3o (correspondent author),\u00a0 <\/strong>e sob sua inteira responsabilidade.\u00a0 A\u00a0 coordena\u00e7\u00e3o n\u00e3o faz altera\u00e7\u00f5es nos dados dos autores.\u00a0 \u00a0Em caso de d\u00favida enviar a pergunta \u00e0 coordena\u00e7\u00e3o\u00a0 pelo e-mail <a href=\"mailto:contecsiusp@tecsi.org\">contecsiusp@tecsi.org<\/a><\/p><p><strong>EM QUALQUER CORRESPONDENCIA DEVE SER MENCIONADO O CODIGO IDENTIFICADOR DA SUBMISSAO (4 DIGITOS).<\/strong><\/p><p><strong>Informa\u00e7\u00f5es sobre o processo de sele\u00e7\u00e3o de trabalhos, publica\u00e7\u00e3o e apresenta\u00e7\u00e3o no evento:<\/strong><\/p><p><strong>O CONTECSI VIRTUAL REQUER QUE OS AUTORES GRAVEM V\u00cdDEO CONFORME AS INSTRU\u00c7\u00d5ES ESPEC\u00cdFICAS DO CONGRESSO E OBRIGAT\u00d3RIAMENTE PARTICIPEM DAS SESS\u00d5ES DE APRESENTA\u00c7\u00c3O QUE OCORRER\u00c3O AO VIVO NA PLATAFORMA VIRTUAL DO CONTECSI.\u00a0 PORTANTO SOLICITAMOS QUE SIGAM ATENTAMENTE\u00a0 AS INSTRU\u00c7\u00d5ES ESPECIFICAS SOBRE A PREPARA\u00c7\u00c3O DO V\u00cdDEO E APRESENTA\u00c7\u00c3O DE SEU TRABALHO NO 18TH CONTECSI\u00a0 VIRTUAL.<\/strong><\/p><p><img src=\"http:\/\/i.creativecommons.org\/l\/by\/3.0\/80x15.png\" alt=\"Licen\u00e7a Creative Commons\" \/>Este trabalho est\u00e1 licenciado sob uma\u00a0<a href=\"http:\/\/creativecommons.org\/licenses\/by\/3.0\/\" target=\"_new\" rel=\"license\">Licen\u00e7a Creative Commons Attribution 3.0\u00a0<\/a>.<\/p>\t\t\t\t\t\t<\/div>\n\t\t\t\t<\/div>\n\t\t\t\t\t<\/div>\n\t\t<\/div>\n\t\t\t\t\t\t\t<\/div>\n\t\t<\/section>\n\t\t\t\t\t\t<\/div>\n\t\t\t\t\t<\/div>\n\t\t","protected":false},"excerpt":{"rendered":"<p>18th CONTECSI &#8211; INTERNATIONAL CONFERENCE ON INFORMATION SYSTEMS AND TECHNOLOGY MANAGEMENT &#8211; VIRTUAL &#8211; OUTUBRO 13 A 15, 2021.\u00a0 PREZADO AUTOR &#8211; O CONTECSI USP apresenta-se a partir deste ano de 2021 em uma nova plataforma.\u00a0\u00c9 necess\u00e1rio que voc\u00ea fa\u00e7a seu cadastro na nova plataforma. Essa altera\u00e7\u00e3o tem como objetivo proporcionar melhor acesso, opera\u00e7\u00e3o e [&hellip;]<\/p>\n","protected":false},"author":1,"featured_media":0,"parent":0,"menu_order":0,"comment_status":"closed","ping_status":"closed","template":"","meta":{"_links_to":"","_links_to_target":""},"_links":{"self":[{"href":"https:\/\/contecsi.submissao.com.br\/18\/wp-json\/wp\/v2\/pages\/166"}],"collection":[{"href":"https:\/\/contecsi.submissao.com.br\/18\/wp-json\/wp\/v2\/pages"}],"about":[{"href":"https:\/\/contecsi.submissao.com.br\/18\/wp-json\/wp\/v2\/types\/page"}],"author":[{"embeddable":true,"href":"https:\/\/contecsi.submissao.com.br\/18\/wp-json\/wp\/v2\/users\/1"}],"replies":[{"embeddable":true,"href":"https:\/\/contecsi.submissao.com.br\/18\/wp-json\/wp\/v2\/comments?post=166"}],"version-history":[{"count":98,"href":"https:\/\/contecsi.submissao.com.br\/18\/wp-json\/wp\/v2\/pages\/166\/revisions"}],"predecessor-version":[{"id":1646,"href":"https:\/\/contecsi.submissao.com.br\/18\/wp-json\/wp\/v2\/pages\/166\/revisions\/1646"}],"wp:attachment":[{"href":"https:\/\/contecsi.submissao.com.br\/18\/wp-json\/wp\/v2\/media?parent=166"}],"curies":[{"name":"wp","href":"https:\/\/api.w.org\/{rel}","templated":true}]}}