








{"id":1334,"date":"2021-08-03T16:34:00","date_gmt":"2021-08-03T19:34:00","guid":{"rendered":"https:\/\/contecsi.submissao.com.br\/18\/?page_id=1334"},"modified":"2021-08-06T19:37:49","modified_gmt":"2021-08-06T22:37:49","slug":"iniciacao-cientifica","status":"publish","type":"page","link":"https:\/\/contecsi.submissao.com.br\/18\/iniciacao-cientifica\/","title":{"rendered":"Inicia\u00e7\u00e3o Cient\u00edfica"},"content":{"rendered":"\t\t<div data-elementor-type=\"wp-page\" data-elementor-id=\"1334\" class=\"elementor elementor-1334\" data-elementor-settings=\"[]\">\n\t\t\t\t\t\t\t<div class=\"elementor-section-wrap\">\n\t\t\t\t\t\t\t<section class=\"elementor-section elementor-top-section elementor-element elementor-element-2918339 elementor-section-boxed elementor-section-height-default elementor-section-height-default\" data-id=\"2918339\" data-element_type=\"section\">\n\t\t\t\t\t\t<div class=\"elementor-container elementor-column-gap-default\">\n\t\t\t\t\t<div class=\"elementor-column elementor-col-100 elementor-top-column elementor-element elementor-element-59c9d64\" data-id=\"59c9d64\" data-element_type=\"column\">\n\t\t\t<div class=\"elementor-widget-wrap elementor-element-populated\">\n\t\t\t\t\t\t\t\t<div class=\"elementor-element elementor-element-5bfeae5 elementor-widget elementor-widget-text-editor\" data-id=\"5bfeae5\" data-element_type=\"widget\" data-widget_type=\"text-editor.default\">\n\t\t\t\t<div class=\"elementor-widget-container\">\n\t\t\t\t\t\t\t\t<p><strong>A INICIA\u00c7\u00c3O CIENT\u00cdFICA NO CONTECSI E SUA IMPORTANCIA PARA O DESENVOLVIMENTO DOS JOVENS PESQUISADORES<\/strong><\/p><p><strong>Inicia\u00e7\u00e3o cient\u00edfica\u00a0 &#8211; IC<\/strong> \u2013\u00e9 um tipo\u00a0 de atividade de aprendizado em pesquisa desenvolvido por alunos do ciclo de gradua\u00e7\u00e3o. Em grande parte das universidades brasileiras, e em todas as \u00e1reas, os programas de inicia\u00e7\u00e3o cient\u00edfica s\u00e3o atualmente parte dos cursos de forma\u00e7\u00e3o e representam atividade normal da forma\u00e7\u00e3o.\u00a0 Os alunos que atuam na inicia\u00e7\u00e3o cient\u00edfica podem tamb\u00e9m candidatar-se a Bolsas de IC dispon\u00edveis atrav\u00e9s das agencias de fomento federais e estaduais.<\/p><p>A inicia\u00e7\u00e3o cient\u00edfica permite aos estudantes de gradua\u00e7\u00e3o iniciarem-se nos princ\u00edpios b\u00e1sicos da pesquisa acad\u00eamica, metodologias e tecnologias de an\u00e1lise e sua aplica\u00e7\u00e3o a situa\u00e7\u00f5es reais e t\u00edpicas, pr\u00e1ticas ou te\u00f3ricas de sua \u00e1rea de estudos.<\/p><p>A divulga\u00e7\u00e3o de resultados das atividades de IC deve ocorrer de modo que os estudantes possam ter oportunidade de expor o resultado de suas pesquisas e receber coment\u00e1rios a respeito.<\/p><p>O <strong>CONTECSI<\/strong> \u00e9 um dos congressos pioneiros na cria\u00e7\u00e3o de um espa\u00e7o para a submiss\u00e3o de trabalhos de pesquisa e inicia\u00e7\u00e3o cient\u00edfica voltado a alunos de gradua\u00e7\u00e3o de todas as \u00e1reas uma vez que sistemas de informa\u00e7\u00e3o, tecnologias de informa\u00e7\u00e3o e ci\u00eancia da informa\u00e7\u00e3o s\u00e3o campos que perpassam todos os demais.<\/p><p>Desde a primeira edi\u00e7\u00e3o em 2004 o CONTECSI recebe alunos\u00a0 de gradua\u00e7\u00e3o das Faculdades t\u00e9cnicas e n\u00e3o t\u00e9cnicas para exporem seus trabalhos.\u00a0 As FATECS, escolas t\u00e9cnicas do Centro Paula Souza e ETECs do estado do Mato Grosso foram as pioneiras nessa participa\u00e7\u00e3o,\u00a0 seguidas por outras faculdades de todas as \u00e1reas de forma\u00e7\u00e3o.<\/p><p>A sele\u00e7\u00e3o dos trabalhos de IC gradua\u00e7\u00e3o inicia-se na pr\u00f3pria institui\u00e7\u00e3o de origem. Comit\u00ea de Professores realizam o processo de sele\u00e7\u00e3o e prepara\u00e7\u00e3o dos trabalhos para submiss\u00e3o ao congresso.\u00a0 Os professores orientadores s\u00e3o co-autores dos trabalhos.\u00a0<\/p><p><strong>Modalidades de Trabalhos do CONTECSI VIRTUAL, \u00a0acess\u00edveis \u00e0 inicia\u00e7\u00e3o cient\u00edfica por qualquer aluno de gradua\u00e7\u00e3o<\/strong><\/p><p><strong>MODALIDADE:\u00a0\u00a0 POSTER &#8211; POS<\/strong><\/p><p>O Poster nas \u00e1reas de Tecnologia de Informa\u00e7\u00e3o, Sistemas de Informa\u00e7\u00e3o e Comunica\u00e7\u00e3o e outras \u00e1reas\u00a0 s\u00e3o trabalhos\u00a0 desenvolvidos por alunos e orientados por professores das Faculdades de Tecnologia e de outras \u00e1reas \u00a0Esta modalidade destina-se somente aos alunos de gradua\u00e7\u00e3o. \u00a0Os trabalhos submetidos neste tipo de submiss\u00e3o j\u00e1 passaram por um processo pr\u00e9vio de sele\u00e7\u00e3o nas respectivas escolas. N\u00e3o podem ultrapassar uma p\u00e1gina. Acessar o modelo e respectivas instru\u00e7\u00f5es<strong><span style=\"color: #000080;\"> <a style=\"color: #000080;\" href=\"https:\/\/contecsi.submissao.com.br\/18\/wp-content\/uploads\/sites\/2\/2021\/07\/MODELO-POS-POSTER-18TH-CONTECSI.docx\">AQUI<\/a><\/span>.<\/strong> Na vers\u00e3o do CONTECSI VIRTUAL n\u00e3o h\u00e1 a necessidade de preparar o Cartaz (p\u00f4ster), para exibi\u00e7\u00e3o presencial.<\/p><p><strong>MODALIDADE: RESUMO EXPANDIDO &#8211; REX <\/strong><\/p><p>O Resumo Expandido \u00e9 uma modalidade que pode ser utilizada por alunos de IC-gradua\u00e7\u00e3o e tamb\u00e9m por qualquer outra categoria de autor.\u00a0\u00a0 Quando\u00a0 \u00a0nas \u00e1reas de Tecnologia de Informa\u00e7\u00e3o, Sistemas de Informa\u00e7\u00e3o e Comunica\u00e7\u00e3o desenvolvidos por alunos e professores das Faculdades de Tecnologia e de outras \u00e1reas.\u00a0 Em algumas das institui\u00e7\u00f5es participantes do CONTECSI os trabalhos submetidos nesta modalidade j\u00e1 passaram por um processo pr\u00e9vio de sele\u00e7\u00e3o nas respectivas escolas. Tamanho: m\u00ednimo de 5 e m\u00e1ximo de 8 p\u00e1ginas. Acessar o modelo e respectivas instru\u00e7\u00f5es <span style=\"color: #003366;\"><strong><a style=\"color: #003366;\" href=\"https:\/\/contecsi.submissao.com.br\/18\/wp-content\/uploads\/sites\/2\/2021\/07\/MODELO_REX-RESUMO-EXPANDIDO-18TH-CONTECSI.docx\">AQUI<\/a><\/strong>\u00a0<\/span> Note-se que esta modalidade de trabalho tamb\u00e9m pode ser utilizada por quaisquer participantes: professores, alunos de p\u00f3s-gradua\u00e7\u00e3o, profissionais.<\/p><p><strong>Modo de Apresenta\u00e7\u00e3o dos trabalhos de IC \u2013 Gradua\u00e7\u00e3o no CONTECSI VIRTUAL.\u00a0 <\/strong><\/p><p>Todos os trabalhos de IC aceitos nestas modalidades s\u00e3o apresentados em sess\u00f5es especificas para as categorias de POS e REX e coordenadas por moderadores. Essas sess\u00f5es s\u00e3o definidas em comum acordo com os professores coordenadores de IC nas institui\u00e7\u00f5es participantes.<\/p><p>Para tal, o autor de cada trabalho deve gravar o respectivo v\u00eddeo de apresenta\u00e7\u00e3o conforme instru\u00e7\u00f5es existentes na p\u00e1gina\u00a0 PREPARA\u00c7\u00c3O DO VIDEO PARA APRESENTA\u00c7\u00c3O e obrigatoriamente participar das sess\u00f5es de apresenta\u00e7\u00e3o. A n\u00e3o participa\u00e7\u00e3o implica no cancelamento do certificado de participa\u00e7\u00e3o no CONTECSI.<\/p><p>Acesse a pagina de PROGRAMA para os detalhes. O Programa \u00a0fica dispon\u00edvel 15 dias antes do evento.<\/p><p><strong>Melhores Trabalhos em IC \u2013 REX E POS<\/strong><\/p><p>Uma comiss\u00e3o espec\u00edfica indica os 5 melhores trabalhos de IC em cada modalidade. Os autores dos melhores trabalhos s\u00e3o homenageados durante o evento em sess\u00e3o especial com a participa\u00e7\u00e3o dos \u00a0autores e orientadores e recebem certificado de Men\u00e7\u00e3o Honrosa dentro do evento CONTECSI. \u00a0<\/p>\t\t\t\t\t\t<\/div>\n\t\t\t\t<\/div>\n\t\t\t\t\t<\/div>\n\t\t<\/div>\n\t\t\t\t\t\t\t<\/div>\n\t\t<\/section>\n\t\t\t\t\t\t<\/div>\n\t\t\t\t\t<\/div>\n\t\t","protected":false},"excerpt":{"rendered":"<p>A INICIA\u00c7\u00c3O CIENT\u00cdFICA NO CONTECSI E SUA IMPORTANCIA PARA O DESENVOLVIMENTO DOS JOVENS PESQUISADORES Inicia\u00e7\u00e3o cient\u00edfica\u00a0 &#8211; IC \u2013\u00e9 um tipo\u00a0 de atividade de aprendizado em pesquisa desenvolvido por alunos do ciclo de gradua\u00e7\u00e3o. Em grande parte das universidades brasileiras, e em todas as \u00e1reas, os programas de inicia\u00e7\u00e3o cient\u00edfica s\u00e3o atualmente parte dos cursos [&hellip;]<\/p>\n","protected":false},"author":1,"featured_media":0,"parent":0,"menu_order":0,"comment_status":"closed","ping_status":"closed","template":"","meta":{"_links_to":"","_links_to_target":""},"_links":{"self":[{"href":"https:\/\/contecsi.submissao.com.br\/18\/wp-json\/wp\/v2\/pages\/1334"}],"collection":[{"href":"https:\/\/contecsi.submissao.com.br\/18\/wp-json\/wp\/v2\/pages"}],"about":[{"href":"https:\/\/contecsi.submissao.com.br\/18\/wp-json\/wp\/v2\/types\/page"}],"author":[{"embeddable":true,"href":"https:\/\/contecsi.submissao.com.br\/18\/wp-json\/wp\/v2\/users\/1"}],"replies":[{"embeddable":true,"href":"https:\/\/contecsi.submissao.com.br\/18\/wp-json\/wp\/v2\/comments?post=1334"}],"version-history":[{"count":19,"href":"https:\/\/contecsi.submissao.com.br\/18\/wp-json\/wp\/v2\/pages\/1334\/revisions"}],"predecessor-version":[{"id":1396,"href":"https:\/\/contecsi.submissao.com.br\/18\/wp-json\/wp\/v2\/pages\/1334\/revisions\/1396"}],"wp:attachment":[{"href":"https:\/\/contecsi.submissao.com.br\/18\/wp-json\/wp\/v2\/media?parent=1334"}],"curies":[{"name":"wp","href":"https:\/\/api.w.org\/{rel}","templated":true}]}}