








{"id":131,"date":"2021-06-09T16:06:23","date_gmt":"2021-06-09T16:06:23","guid":{"rendered":"http:\/\/contecsi.submissao.com.br\/18\/?page_id=131"},"modified":"2021-07-26T03:40:16","modified_gmt":"2021-07-26T06:40:16","slug":"areas-tematicas","status":"publish","type":"page","link":"https:\/\/contecsi.submissao.com.br\/18\/areas-tematicas\/","title":{"rendered":"\u00c1reas Tem\u00e1ticas"},"content":{"rendered":"\t\t<div data-elementor-type=\"wp-page\" data-elementor-id=\"131\" class=\"elementor elementor-131 elementor-129\" data-elementor-settings=\"[]\">\n\t\t\t\t\t\t\t<div class=\"elementor-section-wrap\">\n\t\t\t\t\t\t\t<section class=\"elementor-section elementor-top-section elementor-element elementor-element-a7ec8b4 elementor-section-boxed elementor-section-height-default elementor-section-height-default\" data-id=\"a7ec8b4\" data-element_type=\"section\">\n\t\t\t\t\t\t<div class=\"elementor-container elementor-column-gap-default\">\n\t\t\t\t\t<div class=\"elementor-column elementor-col-100 elementor-top-column elementor-element elementor-element-7a12e38\" data-id=\"7a12e38\" data-element_type=\"column\">\n\t\t\t<div class=\"elementor-widget-wrap elementor-element-populated\">\n\t\t\t\t\t\t\t\t<div class=\"elementor-element elementor-element-56ed8f1 elementor-widget elementor-widget-text-editor\" data-id=\"56ed8f1\" data-element_type=\"widget\" data-widget_type=\"text-editor.default\">\n\t\t\t\t<div class=\"elementor-widget-container\">\n\t\t\t\t\t\t\t\t<h3><img loading=\"lazy\" class=\"wp-image-1112 aligncenter\" src=\"https:\/\/contecsi.submissao.com.br\/18\/wp-content\/uploads\/sites\/2\/2021\/07\/18TH-logo-atualizado-sem-data-300x139.png\" alt=\"\" width=\"170\" height=\"79\" srcset=\"https:\/\/contecsi.submissao.com.br\/18\/wp-content\/uploads\/sites\/2\/2021\/07\/18TH-logo-atualizado-sem-data-300x139.png 300w, https:\/\/contecsi.submissao.com.br\/18\/wp-content\/uploads\/sites\/2\/2021\/07\/18TH-logo-atualizado-sem-data-1024x474.png 1024w, https:\/\/contecsi.submissao.com.br\/18\/wp-content\/uploads\/sites\/2\/2021\/07\/18TH-logo-atualizado-sem-data-768x355.png 768w, https:\/\/contecsi.submissao.com.br\/18\/wp-content\/uploads\/sites\/2\/2021\/07\/18TH-logo-atualizado-sem-data-1536x711.png 1536w, https:\/\/contecsi.submissao.com.br\/18\/wp-content\/uploads\/sites\/2\/2021\/07\/18TH-logo-atualizado-sem-data-2048x948.png 2048w\" sizes=\"(max-width: 170px) 100vw, 170px\" \/><\/h3><h3>Aten\u00e7\u00e3o: Nova \u00c1rea Tem\u00e1tica: COVID-19<\/h3>\t\t\t\t\t\t<\/div>\n\t\t\t\t<\/div>\n\t\t\t\t\t<\/div>\n\t\t<\/div>\n\t\t\t\t\t\t\t<\/div>\n\t\t<\/section>\n\t\t\t\t<section class=\"elementor-section elementor-top-section elementor-element elementor-element-a528ee elementor-section-boxed elementor-section-height-default elementor-section-height-default\" data-id=\"a528ee\" data-element_type=\"section\">\n\t\t\t\t\t\t<div class=\"elementor-container elementor-column-gap-default\">\n\t\t\t\t\t<div class=\"elementor-column elementor-col-100 elementor-top-column elementor-element elementor-element-372a3171\" data-id=\"372a3171\" data-element_type=\"column\">\n\t\t\t<div class=\"elementor-widget-wrap elementor-element-populated\">\n\t\t\t\t\t\t\t\t<div class=\"elementor-element elementor-element-75a3053a elementor-widget elementor-widget-text-editor\" data-id=\"75a3053a\" data-element_type=\"widget\" data-widget_type=\"text-editor.default\">\n\t\t\t\t<div class=\"elementor-widget-container\">\n\t\t\t\t\t\t\t\t<p><strong>AGB<\/strong> &#8211; Agro-Business Information Systems and Technology \/ Sistemas e Tecnologias de Informa\u00e7\u00e3o na \u00e1rea de Agro-Business<br \/><strong>AIS<\/strong> &#8211; Accounting Information Systems \/ Sistemas de Informa\u00e7\u00f5es Cont\u00e1beis<br \/><strong>AUD<\/strong> &#8211; Systems Auditing and IT Governance \/ Auditoria de Sistemas e Governan\u00e7a em TI<br \/><strong>CID<\/strong> &#8211; Smart Cities and Mobility \/ Cidades Inteligentes e Mobilidade<br \/><strong>DSC<\/strong> &#8211; Data Science, Big Data Analytics \/ Ci\u00eancia de Dados, Big Data Analytics<br \/><strong>ECO<\/strong> &#8211; E-Business and Conversational Commerce\/ Com\u00e9rcio Eletr\u00f4nico e Com\u00e9rcio Conversacional<br \/><strong>EDU<\/strong> &#8211; IS and IT Education and Curriculum Development\/ Educa\u00e7\u00e3o e Curr\u00edculo em SI e TI<br \/><strong>ERP<\/strong> &#8211; Enterprise Information Systems \/ ERP Sistemas de Informa\u00e7\u00f5es Empresariais<br \/><strong>ESD<\/strong> &#8211; Engineering of Software and Hardware Development\/ Engenharia e Desenvolvimento de Software e Hardware<br \/><strong>GOV<\/strong> &#8211; E-Government, Public Policies, ICT For Development -Ict4DEV \/ Governo Eletr\u00f4nico, Pol\u00edticas P\u00fablicas e ICT4D<br \/><strong>HEA<\/strong> &#8211; Healthcare Information Systems and Technology\/ Sistemas e Tecnologias de Informa\u00e7\u00e3o em Sa\u00fade<br \/><strong>INT<\/strong> &#8211; Internet, Virtual Communities and Social Networks\/ Internet, Comunidades Virtuais e Redes Sociais<br \/><strong>ISM<\/strong> &#8211; Information Systems Management\/ Gest\u00e3o de Sistemas de Informa\u00e7\u00e3o<br \/><strong>ITM<\/strong> &#8211; Information Technology Management\/ Gest\u00e3o da Tecnologia de Informa\u00e7\u00e3o<br \/><strong>KMG<\/strong> &#8211; Knowledge Management and Business Intelligence\/ Gest\u00e3o do Conhecimento e BI<br \/><strong>LIS<\/strong> &#8211; Library and Information Science \/ Biblioteconomia e Cii\u00eancia da Informa\u00e7\u00e3o<br \/><strong>PRM<\/strong> &#8211; Project Management\/ Gest\u00e3o de Projetos<br \/><strong>SEC<\/strong> &#8211; IS and IT Security and Forensic \/ Seguran\u00e7a em SI e TI, Computa\u00e7\u00e3o Forense<br \/><strong>SIN<\/strong> &#8211; IS and IT for Innovation Management \/ SI e TI para Gest\u00e3o da Inova\u00e7\u00e3o<br \/><strong>SOC<\/strong> &#8211; Social Issues in IS and IT; Sustainability\/ Quest\u00f5es Sociais em SI e TI\/Sustentabilidade em SI e TI<br \/><strong>SPE<\/strong> &#8211; IS and IT in Pandemic and Emergency Situations &#8211; \u00a0<strong>COVID-19<\/strong> \/ SI e TI em Situa\u00e7\u00f5es de Emerg\u00eancia e Pandemia &#8211; <strong>COVID-19<br \/>SSA<\/strong>&#8211; Systems Science Advances in Theory and Research \/ Avan\u00e7os da teoria e pesquisa na Ciencia dos Sistemas<br \/><strong>XBR<\/strong> &#8211; XBRL, Enterprise Onthology and Information Exchange\/ XBRL, Ontologia Empresarial e Divulga\u00e7\u00e3o da Informa\u00e7\u00e3o<\/p>\t\t\t\t\t\t<\/div>\n\t\t\t\t<\/div>\n\t\t\t\t\t<\/div>\n\t\t<\/div>\n\t\t\t\t\t\t\t<\/div>\n\t\t<\/section>\n\t\t\t\t\t\t<\/div>\n\t\t\t\t\t<\/div>\n\t\t","protected":false},"excerpt":{"rendered":"<p>Aten\u00e7\u00e3o: Nova \u00c1rea Tem\u00e1tica: COVID-19 AGB &#8211; Agro-Business Information Systems and Technology \/ Sistemas e Tecnologias de Informa\u00e7\u00e3o na \u00e1rea de Agro-BusinessAIS &#8211; Accounting Information Systems \/ Sistemas de Informa\u00e7\u00f5es Cont\u00e1beisAUD &#8211; Systems Auditing and IT Governance \/ Auditoria de Sistemas e Governan\u00e7a em TICID &#8211; Smart Cities and Mobility \/ Cidades Inteligentes e MobilidadeDSC [&hellip;]<\/p>\n","protected":false},"author":1,"featured_media":0,"parent":0,"menu_order":0,"comment_status":"closed","ping_status":"closed","template":"","meta":{"_links_to":"","_links_to_target":""},"_links":{"self":[{"href":"https:\/\/contecsi.submissao.com.br\/18\/wp-json\/wp\/v2\/pages\/131"}],"collection":[{"href":"https:\/\/contecsi.submissao.com.br\/18\/wp-json\/wp\/v2\/pages"}],"about":[{"href":"https:\/\/contecsi.submissao.com.br\/18\/wp-json\/wp\/v2\/types\/page"}],"author":[{"embeddable":true,"href":"https:\/\/contecsi.submissao.com.br\/18\/wp-json\/wp\/v2\/users\/1"}],"replies":[{"embeddable":true,"href":"https:\/\/contecsi.submissao.com.br\/18\/wp-json\/wp\/v2\/comments?post=131"}],"version-history":[{"count":37,"href":"https:\/\/contecsi.submissao.com.br\/18\/wp-json\/wp\/v2\/pages\/131\/revisions"}],"predecessor-version":[{"id":1201,"href":"https:\/\/contecsi.submissao.com.br\/18\/wp-json\/wp\/v2\/pages\/131\/revisions\/1201"}],"wp:attachment":[{"href":"https:\/\/contecsi.submissao.com.br\/18\/wp-json\/wp\/v2\/media?parent=131"}],"curies":[{"name":"wp","href":"https:\/\/api.w.org\/{rel}","templated":true}]}}