








{"id":10,"date":"2021-06-07T19:30:52","date_gmt":"2021-06-07T19:30:52","guid":{"rendered":"http:\/\/contecsi.submissao.com.br\/18\/?page_id=10"},"modified":"2021-10-13T13:31:16","modified_gmt":"2021-10-13T16:31:16","slug":"home","status":"publish","type":"page","link":"https:\/\/contecsi.submissao.com.br\/18\/","title":{"rendered":"Home"},"content":{"rendered":"\t\t<div data-elementor-type=\"wp-page\" data-elementor-id=\"10\" class=\"elementor elementor-10\" data-elementor-settings=\"[]\">\n\t\t\t\t\t\t\t<div class=\"elementor-section-wrap\">\n\t\t\t\t\t\t\t<section class=\"elementor-section elementor-top-section elementor-element elementor-element-155038cf elementor-section-boxed elementor-section-height-default elementor-section-height-default\" data-id=\"155038cf\" data-element_type=\"section\">\n\t\t\t\t\t\t<div class=\"elementor-container elementor-column-gap-default\">\n\t\t\t\t\t<div class=\"elementor-column elementor-col-100 elementor-top-column elementor-element elementor-element-1f63ce6e\" data-id=\"1f63ce6e\" data-element_type=\"column\">\n\t\t\t<div class=\"elementor-widget-wrap elementor-element-populated\">\n\t\t\t\t\t\t\t\t<section class=\"elementor-section elementor-inner-section elementor-element elementor-element-8f48b75 elementor-section-boxed elementor-section-height-default elementor-section-height-default\" data-id=\"8f48b75\" data-element_type=\"section\" data-settings=\"{&quot;background_background&quot;:&quot;classic&quot;}\">\n\t\t\t\t\t\t<div class=\"elementor-container elementor-column-gap-default\">\n\t\t\t\t\t<div class=\"elementor-column elementor-col-50 elementor-inner-column elementor-element elementor-element-8e2b2c7\" data-id=\"8e2b2c7\" data-element_type=\"column\">\n\t\t\t<div class=\"elementor-widget-wrap elementor-element-populated\">\n\t\t\t\t\t\t\t\t<div class=\"elementor-element elementor-element-22bc569 elementor-widget elementor-widget-text-editor\" data-id=\"22bc569\" data-element_type=\"widget\" data-widget_type=\"text-editor.default\">\n\t\t\t\t<div class=\"elementor-widget-container\">\n\t\t\t\t\t\t\t\t<h2 style=\"text-align: center;\"><span style=\"color: #ffffff;\">PROGRAMA\u00c7\u00c3O DISPON\u00cdVEL<\/span><\/h2>\t\t\t\t\t\t<\/div>\n\t\t\t\t<\/div>\n\t\t\t\t\t<\/div>\n\t\t<\/div>\n\t\t\t\t<div class=\"elementor-column elementor-col-50 elementor-inner-column elementor-element elementor-element-e5c085c\" data-id=\"e5c085c\" data-element_type=\"column\">\n\t\t\t<div class=\"elementor-widget-wrap elementor-element-populated\">\n\t\t\t\t\t\t\t\t<div class=\"elementor-element elementor-element-4b55112 elementor-align-center elementor-widget elementor-widget-button\" data-id=\"4b55112\" data-element_type=\"widget\" data-widget_type=\"button.default\">\n\t\t\t\t<div class=\"elementor-widget-container\">\n\t\t\t\t\t<div class=\"elementor-button-wrapper\">\n\t\t\t<a href=\"https:\/\/tecsi.submissao.com.br\/18contecsi\/programacao\" class=\"elementor-button-link elementor-button elementor-size-sm\" role=\"button\">\n\t\t\t\t\t\t<span class=\"elementor-button-content-wrapper\">\n\t\t\t\t\t\t<span class=\"elementor-button-text\">ACESSE AQUI<\/span>\n\t\t<\/span>\n\t\t\t\t\t<\/a>\n\t\t<\/div>\n\t\t\t\t<\/div>\n\t\t\t\t<\/div>\n\t\t\t\t\t<\/div>\n\t\t<\/div>\n\t\t\t\t\t\t\t<\/div>\n\t\t<\/section>\n\t\t\t\t<section class=\"elementor-section elementor-inner-section elementor-element elementor-element-d1f3c7c elementor-section-boxed elementor-section-height-default elementor-section-height-default\" data-id=\"d1f3c7c\" data-element_type=\"section\" data-settings=\"{&quot;background_background&quot;:&quot;classic&quot;}\">\n\t\t\t\t\t\t<div class=\"elementor-container elementor-column-gap-default\">\n\t\t\t\t\t<div class=\"elementor-column elementor-col-50 elementor-inner-column elementor-element elementor-element-e4646fd\" data-id=\"e4646fd\" data-element_type=\"column\">\n\t\t\t<div class=\"elementor-widget-wrap\">\n\t\t\t\t\t\t\t\t\t<\/div>\n\t\t<\/div>\n\t\t\t\t<div class=\"elementor-column elementor-col-50 elementor-inner-column elementor-element elementor-element-6739f7f\" data-id=\"6739f7f\" data-element_type=\"column\">\n\t\t\t<div class=\"elementor-widget-wrap\">\n\t\t\t\t\t\t\t\t\t<\/div>\n\t\t<\/div>\n\t\t\t\t\t\t\t<\/div>\n\t\t<\/section>\n\t\t\t\t<section class=\"elementor-section elementor-inner-section elementor-element elementor-element-16c62cd elementor-section-boxed elementor-section-height-default elementor-section-height-default\" data-id=\"16c62cd\" data-element_type=\"section\" data-settings=\"{&quot;background_background&quot;:&quot;classic&quot;}\">\n\t\t\t\t\t\t<div class=\"elementor-container elementor-column-gap-default\">\n\t\t\t\t\t<div class=\"elementor-column elementor-col-50 elementor-inner-column elementor-element elementor-element-6e9640d\" data-id=\"6e9640d\" data-element_type=\"column\">\n\t\t\t<div class=\"elementor-widget-wrap elementor-element-populated\">\n\t\t\t\t\t\t\t\t<div class=\"elementor-element elementor-element-e017a94 elementor-align-center elementor-widget elementor-widget-button\" data-id=\"e017a94\" data-element_type=\"widget\" data-widget_type=\"button.default\">\n\t\t\t\t<div class=\"elementor-widget-container\">\n\t\t\t\t\t<div class=\"elementor-button-wrapper\">\n\t\t\t<a href=\"https:\/\/contecsi.submissao.com.br\/18\/wp-content\/uploads\/sites\/2\/2021\/10\/18th-contecsi-modelo1.jpg\" class=\"elementor-button-link elementor-button elementor-size-sm\" role=\"button\">\n\t\t\t\t\t\t<span class=\"elementor-button-content-wrapper\">\n\t\t\t\t\t\t<span class=\"elementor-button-text\">Fundo virtual modelo 1<\/span>\n\t\t<\/span>\n\t\t\t\t\t<\/a>\n\t\t<\/div>\n\t\t\t\t<\/div>\n\t\t\t\t<\/div>\n\t\t\t\t\t<\/div>\n\t\t<\/div>\n\t\t\t\t<div class=\"elementor-column elementor-col-50 elementor-inner-column elementor-element elementor-element-0d5762e\" data-id=\"0d5762e\" data-element_type=\"column\">\n\t\t\t<div class=\"elementor-widget-wrap elementor-element-populated\">\n\t\t\t\t\t\t\t\t<div class=\"elementor-element elementor-element-f07d4bb elementor-align-center elementor-widget elementor-widget-button\" data-id=\"f07d4bb\" data-element_type=\"widget\" data-widget_type=\"button.default\">\n\t\t\t\t<div class=\"elementor-widget-container\">\n\t\t\t\t\t<div class=\"elementor-button-wrapper\">\n\t\t\t<a href=\"https:\/\/contecsi.submissao.com.br\/18\/wp-content\/uploads\/sites\/2\/2021\/10\/18th-contecsi-modelo2.jpg\" class=\"elementor-button-link elementor-button elementor-size-sm\" role=\"button\">\n\t\t\t\t\t\t<span class=\"elementor-button-content-wrapper\">\n\t\t\t\t\t\t<span class=\"elementor-button-text\">Fundo virtual modelo 2<\/span>\n\t\t<\/span>\n\t\t\t\t\t<\/a>\n\t\t<\/div>\n\t\t\t\t<\/div>\n\t\t\t\t<\/div>\n\t\t\t\t\t<\/div>\n\t\t<\/div>\n\t\t\t\t\t\t\t<\/div>\n\t\t<\/section>\n\t\t\t\t<div class=\"elementor-element elementor-element-741b92ac elementor-widget elementor-widget-text-editor\" data-id=\"741b92ac\" data-element_type=\"widget\" data-widget_type=\"text-editor.default\">\n\t\t\t\t<div class=\"elementor-widget-container\">\n\t\t\t\t\t\t\t\t<h3><strong>\u00a0<\/strong><strong style=\"font-size: 16px;\">\u00a0\u00a0<img loading=\"lazy\" class=\"wp-image-275 aligncenter\" src=\"https:\/\/contecsi.submissao.com.br\/18\/wp-content\/uploads\/sites\/2\/2021\/06\/18-1.png\" alt=\"\" width=\"164\" height=\"76\" \/><\/strong><\/h3><p>\u00a0<\/p><h3 style=\"text-align: left;\"><strong>18th CONTECSI VIRTUAL &#8211; Dias 13, 14 e\u00a0 15 de outubro de 2021<\/strong><\/h3><p style=\"text-align: left;\">O <strong>CONTECSI &#8211; INTERNATIONAL CONFERENCE ON INFORMATION SYSTEMS AND TECHNOLOGY MANAGEMENT &#8211; ISSN 2448-1041<\/strong><strong>,\u00a0<\/strong>criado em 2004 Pelo Prof. Dr. Edson Luiz Riccio com a parceria de renomados professores de institui\u00e7\u00f5es nacionais e internacionais, \u00e9 um congresso internacional inovador com foco em \u00a0Sistemas de Informa\u00e7\u00e3o, Tecnologias de Informa\u00e7\u00e3o e Ci\u00eancia da Informa\u00e7\u00e3o sob uma vis\u00e3o multidisciplinar. O CONTECSI \u00e9\u00a0 tamb\u00e9m o congresso oficial do Chapter Brasileiro da AIS \u2013 Association for Information Systems e da ABRAST \u2013 Associa\u00e7\u00e3o Brasileira de Pesquisadores em Sistemas e Tecnologias de Informa\u00e7\u00e3o.\u00a0 O Chapter Brasileiro da AIS foi criado pelo Prof Edson Luiz Riccio em 2014 juntamente com professores da comunidade CONTECSI tamb\u00e9m associados da AIS &#8211; Association for Information Systems.\u00a0 O estreito relacionamento do CONTECSI com a AIS ocorre desde a primeira edi\u00e7\u00e3o, com a apresenta\u00e7\u00e3o do Prof. Dr. Robert D. Galliers, ent\u00e3o Presidente da AIS. Desde ent\u00e3o, a cada ano,\u00a0 o presidente em exerc\u00edcio da AIS \u00e9 o Palestrante da Abertura do CONTECSI.\u00a0<\/p><p style=\"text-align: left;\">O<strong>\u00a0<\/strong><strong>CONTECSI<\/strong><strong>\u00a0<\/strong>re\u00fane acad\u00eamicos e profissionais envolvidos em pesquisa e gest\u00e3o para gerar debates de alto n\u00edvel dentro de uma perspectiva multidisciplinar sobre temas de interesse das \u00e1reas envolvidas. A cada ano participam renomados \u00a0palestrantes, professores e pesquisadores do mundo inteiro. O objetivo \u00e9 discutir os efeitos da Tecnologia da Informa\u00e7\u00e3o, Sistemas de Informa\u00e7\u00e3o e Ci\u00eancia da Informa\u00e7\u00e3o em Organiza\u00e7\u00f5es e sobre a sociedade como um todo, reunindo uma comunidade em busca de respostas aos constantes desafios gerados pelas novas tecnologias de informa\u00e7\u00e3o. No CONTECSI os pesquisadores juniores t\u00eam a oportunidade \u00fanica de expor suas ideias para a an\u00e1lise e sugest\u00f5es dos pesquisadores seniores. Dessa maneira o CONTECSI promove o estreitamento do relacionamento entre todos os grupos de pesquisadores, desde os mais jovens, nas Se\u00e7\u00f5es de Posters at\u00e9 os mestrandos e doutorandos nos Consorcios Mestral, Doutoral e P\u00f3s-Doutoral respectivamente.<\/p><p style=\"text-align: left;\">Como resultado do estreito relacionamento desenvolvido desde 2004 entre especialistas e pesquisadores, milhares de trabalhos apresentados est\u00e3o dispon\u00edveis para acesso livre a gratuito no Archive CONTECSI \u2013 ISSN 2448-1041. A cada ano o CONTECSI apresenta\u00a0 palestrantes e pesquisadores de renome\u00a0 internacional o que\u00a0 contribui para a integra\u00e7\u00e3o entre o meio acad\u00eamico e as comunidades profissionais, ampliando assim o interesse na pesquisa, no compartilhamento de informa\u00e7\u00f5es atualizadas e as mais inovadoras pr\u00e1ticas em uso.\u00a0 Autores e Palestrantes de\u00a0 todos os continentes j\u00e1 participaram do CONTECSI<\/p><figure class=\"wp-block-image\"><img src=\"https:\/\/www.tecsi.org\/contecsi\/public\/conferences\/1\/homepageImage_pt_BR.jpg\" alt=\"View from the Clock Square in USP main campus - S\u00e3o Paulo - Brazil\" \/><\/figure><p style=\"text-align: left;\"><img src=\"http:\/\/i.creativecommons.org\/l\/by\/3.0\/80x15.png\" alt=\"Licen\u00e7a Creative Commons\" \/> Este trabalho est\u00e1 licenciado sob uma <a href=\"http:\/\/creativecommons.org\/licenses\/by\/3.0\/\" target=\"_new\" rel=\"license\">Licen\u00e7a Creative Commons Attribution 3.0\u00a0<\/a>.<\/p>\t\t\t\t\t\t<\/div>\n\t\t\t\t<\/div>\n\t\t\t\t\t<\/div>\n\t\t<\/div>\n\t\t\t\t\t\t\t<\/div>\n\t\t<\/section>\n\t\t\t\t<section class=\"elementor-section elementor-top-section elementor-element elementor-element-d5992fd elementor-section-boxed elementor-section-height-default elementor-section-height-default\" data-id=\"d5992fd\" data-element_type=\"section\">\n\t\t\t\t\t\t<div class=\"elementor-container elementor-column-gap-default\">\n\t\t\t\t\t<div class=\"elementor-column elementor-col-100 elementor-top-column elementor-element elementor-element-7d362a8\" data-id=\"7d362a8\" data-element_type=\"column\">\n\t\t\t<div class=\"elementor-widget-wrap elementor-element-populated\">\n\t\t\t\t\t\t\t\t<div class=\"elementor-element elementor-element-df65a6e elementor-widget elementor-widget-shortcode\" data-id=\"df65a6e\" data-element_type=\"widget\" data-widget_type=\"shortcode.default\">\n\t\t\t\t<div class=\"elementor-widget-container\">\n\t\t\t\t\t<div class=\"elementor-shortcode\">\n<\/div>\n\t\t\t\t<\/div>\n\t\t\t\t<\/div>\n\t\t\t\t\t<\/div>\n\t\t<\/div>\n\t\t\t\t\t\t\t<\/div>\n\t\t<\/section>\n\t\t\t\t\t\t<\/div>\n\t\t\t\t\t<\/div>\n\t\t","protected":false},"excerpt":{"rendered":"<p>PROGRAMA\u00c7\u00c3O DISPON\u00cdVEL ACESSE AQUI Fundo virtual modelo 1 Fundo virtual modelo 2 \u00a0\u00a0\u00a0 \u00a0 18th CONTECSI VIRTUAL &#8211; Dias 13, 14 e\u00a0 15 de outubro de 2021 O CONTECSI &#8211; INTERNATIONAL CONFERENCE ON INFORMATION SYSTEMS AND TECHNOLOGY MANAGEMENT &#8211; ISSN 2448-1041,\u00a0criado em 2004 Pelo Prof. Dr. Edson Luiz Riccio com a parceria de renomados professores [&hellip;]<\/p>\n","protected":false},"author":1,"featured_media":0,"parent":0,"menu_order":0,"comment_status":"closed","ping_status":"closed","template":"","meta":{"_links_to":"","_links_to_target":""},"_links":{"self":[{"href":"https:\/\/contecsi.submissao.com.br\/18\/wp-json\/wp\/v2\/pages\/10"}],"collection":[{"href":"https:\/\/contecsi.submissao.com.br\/18\/wp-json\/wp\/v2\/pages"}],"about":[{"href":"https:\/\/contecsi.submissao.com.br\/18\/wp-json\/wp\/v2\/types\/page"}],"author":[{"embeddable":true,"href":"https:\/\/contecsi.submissao.com.br\/18\/wp-json\/wp\/v2\/users\/1"}],"replies":[{"embeddable":true,"href":"https:\/\/contecsi.submissao.com.br\/18\/wp-json\/wp\/v2\/comments?post=10"}],"version-history":[{"count":95,"href":"https:\/\/contecsi.submissao.com.br\/18\/wp-json\/wp\/v2\/pages\/10\/revisions"}],"predecessor-version":[{"id":1765,"href":"https:\/\/contecsi.submissao.com.br\/18\/wp-json\/wp\/v2\/pages\/10\/revisions\/1765"}],"wp:attachment":[{"href":"https:\/\/contecsi.submissao.com.br\/18\/wp-json\/wp\/v2\/media?parent=10"}],"curies":[{"name":"wp","href":"https:\/\/api.w.org\/{rel}","templated":true}]}}